{"id":4237,"date":"2022-12-23T11:04:13","date_gmt":"2022-12-23T10:04:13","guid":{"rendered":"https:\/\/ceres.pl\/sklep\/produkt\/bez-kategorii\/sekator-elektryczny-ab42-altuna-3-aku-titanium\/"},"modified":"2026-03-13T13:03:47","modified_gmt":"2026-03-13T12:03:47","slug":"sekator-elektryczny-ab42-altuna-3-aku-titanium","status":"publish","type":"product","link":"https:\/\/ceres.pl\/sklep\/produkt\/sekatory\/sekatory-altuna\/sekatory-elektryczne-altuna\/sekator-elektryczny-ab42-altuna-3-aku-titanium\/","title":{"rendered":"Sekator elektryczny AB42 Altuna 1 aku Titanium"},"content":{"rendered":"<p>Sekator Altuna AB42 Titanium to profesjonalny sekator elektryczny przeznaczony do ci\u0119cia ga\u0142\u0119zi o \u015brednicy do 42 mm. Sekator ten zosta\u0142 wyposa\u017cony w tytanowe ostrza, kt\u00f3re maj\u0105 d\u0142u\u017csz\u0105 \u017cywotno\u015b\u0107 od standardowych ostrzy oraz zapewniaj\u0105 skuteczne ci\u0119cie. Dzi\u0119ki temu narz\u0119dziu mo\u017cna wykonywa\u0107 prace piel\u0119gnacyjne w sadach oraz ogrodach w spos\u00f3b efektywny i precyzyjny.<\/p>\n<p>&nbsp;<\/p>\n<p>Co wyr\u00f3\u017cnia technologi\u0119 tytanowych ostrzy od standardowych?<\/p>\n<p>&#8211; tytanowe ostrza zwi\u0119kszaj\u0105 trwa\u0142o\u015b\u0107 urz\u0105dzenia<\/p>\n<p>&#8211; cechuj\u0105 si\u0119 bardzo wysok\u0105 twardo\u015bci\u0105 2500 Vickers\u00f3w dzi\u0119ki czemu ostrze jest trwalsze<\/p>\n<p>&#8211; maj\u0105 wysok\u0105 odporno\u015b\u0107 na \u015brodki do dezynfekcji stosowane podczas ci\u0119cia ro\u015blin<\/p>\n<p>&#8211; maj\u0105 du\u017co lepsze w\u0142a\u015bciwo\u015bci \u015blizgowe dzi\u0119ki czemu ci\u0119cia s\u0105 \u0142atwiejsze i szybsze<\/p>\n<p>&#8211; poza lepszym, szybszym i precyzyjnym ci\u0119ciem zapewniaj\u0105 mniejsze zu\u017cycie \u0142o\u017cysk, przek\u0142adni oraz baterii, przez co wyd\u0142u\u017caj\u0105 ich \u017cywotno\u015b\u0107<\/p>\n<p>Przek\u0142ada si\u0119 to na uzyskanie:<\/p>\n<p>+60% WYDAJNO\u015aCI<\/p>\n<p>+300% TRWA\u0141O\u015aCI<\/p>\n<p>+50% PR\u0118DKO\u015aCI<\/p>\n<p>Zwi\u0119ksza produktywno\u015b\u0107 podczas wszelkich prac zwi\u0105zanych z przycinaniem i konserwacj\u0105. Wysoka pr\u0119dko\u015b\u0107 i precyzja ci\u0119cia przy ca\u0142kowitym bezpiecze\u0144stwie.<\/p>\n<p>+500% KOMFORTU<\/p>\n<p>Maksymalny komfort i redukcja wysi\u0142ku podczas wykonywania dowolnej pracy.<\/p>\n<p>&nbsp;<\/p>\n<p>Jednym z wa\u017cniejszych element\u00f3w tego sekatora jest mo\u017cliwo\u015b\u0107 regulacji \u015brednicy ci\u0119cia. Dzi\u0119ki temu w \u0142atwy spos\u00f3b mo\u017cna dostosowa\u0107 stopie\u0144 otwarcia ostrzy, co wp\u0142ywa na szybko\u015b\u0107 pracy i jej efektywno\u015b\u0107. Do dyspozycji s\u0105 dwa zakresy: maksymalny, kt\u00f3ry wynosi a\u017c 42 mm oraz zredukowany, w kt\u00f3rym ostrza otwieraj\u0105 si\u0119 do 25 mm.<\/p>\n<p>&nbsp;<\/p>\n<p>Sekator Altuna AB42 zosta\u0142 wyposa\u017cony w system zabezpieczaj\u0105cy przed przypadkowym przeci\u0119ciem palc\u00f3w. System dzia\u0142a na zasadzie zamkni\u0119cia obwodu. Dzi\u0119ki niemu operator jest dodatkowo chroniony przed przypadkowym zranieniem, a w przypadku kontaktu d\u0142oni operatora z ostrzem i pr\u00f3by uruchomienia go ostrze zostaje zablokowane i automatycznie powraca do pozycji otwartej.<\/p>\n<p>&nbsp;<\/p>\n<p>Sekator Altuna AB42 Titanium jest sprzedawany w zestawie z mocn\u0105 bateri\u0105 oraz \u0142adowark\u0105. Bateria pozwala na prac\u0119 przez oko\u0142o 8 godzin bez konieczno\u015bci jej \u0142adowania. Bateria zosta\u0142a wyposa\u017cona w wy\u015bwietlacz, na kt\u00f3rym mo\u017cna sprawdzi\u0107 podstawowe parametry urz\u0105dzenia takie jak stopie\u0144 na\u0142adowania baterii czy ilo\u015b\u0107 wykonanych ci\u0119\u0107. Dodatkowo wy\u015bwietlane s\u0105 na nim informacje dotycz\u0105ce kod\u00f3w b\u0142\u0119d\u00f3w, dzi\u0119ki kt\u00f3rym w \u0142atwy spos\u00f3b mo\u017cna zidentyfikowa\u0107 ewentualn\u0105 usterk\u0119 urz\u0105dzenia.<\/p>\n<p>&nbsp;<\/p>\n<p>To, co wyr\u00f3\u017cnia sekator Altuna AB42 Titanium, to tak\u017ce jego ergonomiczny uchwyt oraz wyzwalacz progresywny. Zapewniaj\u0105 one wygodn\u0105 prac\u0119 i maksymaln\u0105 kontrol\u0119 nad narz\u0119dziem. Oba elementy zosta\u0142y zaprojektowane w taki spos\u00f3b, aby zapewni\u0107 optymaln\u0105 wydajno\u015b\u0107 pracy. Dodatkowo, waga bez przewodu wynosz\u0105ca 865 gram\u00f3w sprawia, \u017ce sekator jest lekki i komfortowy w u\u017cytkowaniu. Urz\u0105dzenie wraz z osprz\u0119tem w postaci szelek do zawieszenia baterii, \u0142adowarki oraz zestawu narz\u0119dzi do konserwacji i serwisowania jest spakowane w trwa\u0142\u0105 i solidn\u0105 plastikow\u0105 walizk\u0119, kt\u00f3ra u\u0142atwia bezpieczny transport i przechowywanie urz\u0105dzenia.<\/p>\n<p>&nbsp;<\/p>\n<p>Ten profesjonalny sekator elektryczny jest idealnym narz\u0119dziem dla os\u00f3b zajmuj\u0105cych si\u0119 sadownictwem oraz ogrodnictwem. Dzi\u0119ki funkcjonalno\u015bci, trwa\u0142o\u015bci i innowacyjnym rozwi\u0105zaniom, zapewnia skuteczne i precyzyjne ci\u0119cie ga\u0142\u0119zi. Sekator Altuna AB42 Titanium to niezawodne narz\u0119dzie, kt\u00f3re pomo\u017ce w ka\u017cdym zadaniu piel\u0119gnacyjnym w ogrodzie czy sadzie.<\/p>\n","protected":false},"excerpt":{"rendered":"<p>Sekator Altuna AB42 Titanium to profesjonalny sekator elektryczny przeznaczony do ci\u0119cia ga\u0142\u0119zi o \u015brednicy do 42 mm. Sekator ten zosta\u0142 wyposa\u017cony w tytanowe ostrza, kt\u00f3re maj\u0105 d\u0142u\u017csz\u0105 \u017cywotno\u015b\u0107 od standardowych ostrzy oraz zapewniaj\u0105 skuteczne ci\u0119cie. Dzi\u0119ki temu narz\u0119dziu mo\u017cna wykonywa\u0107 prace piel\u0119gnacyjne w sadach oraz ogrodach w spos\u00f3b efektywny i precyzyjny. &nbsp; Co wyr\u00f3\u017cnia technologi\u0119 [&hellip;]<\/p>\n","protected":false},"featured_media":4269,"template":"","meta":{"_acf_changed":false,"_seopress_robots_primary_cat":"none","_seopress_titles_title":"","_seopress_titles_desc":"","_seopress_robots_index":""},"product_brand":[],"product_cat":[171,172],"product_tag":[],"class_list":{"0":"post-4237","1":"product","2":"type-product","3":"status-publish","4":"has-post-thumbnail","6":"product_cat-sekatory-altuna","7":"product_cat-sekatory-elektryczne-altuna","9":"first","10":"instock","11":"taxable","12":"shipping-taxable","13":"purchasable","14":"product-type-simple"},"acf":[],"_links":{"self":[{"href":"https:\/\/ceres.pl\/sklep\/wp-json\/wp\/v2\/product\/4237","targetHints":{"allow":["GET"]}}],"collection":[{"href":"https:\/\/ceres.pl\/sklep\/wp-json\/wp\/v2\/product"}],"about":[{"href":"https:\/\/ceres.pl\/sklep\/wp-json\/wp\/v2\/types\/product"}],"wp:featuredmedia":[{"embeddable":true,"href":"https:\/\/ceres.pl\/sklep\/wp-json\/wp\/v2\/media\/4269"}],"wp:attachment":[{"href":"https:\/\/ceres.pl\/sklep\/wp-json\/wp\/v2\/media?parent=4237"}],"wp:term":[{"taxonomy":"product_brand","embeddable":true,"href":"https:\/\/ceres.pl\/sklep\/wp-json\/wp\/v2\/product_brand?post=4237"},{"taxonomy":"product_cat","embeddable":true,"href":"https:\/\/ceres.pl\/sklep\/wp-json\/wp\/v2\/product_cat?post=4237"},{"taxonomy":"product_tag","embeddable":true,"href":"https:\/\/ceres.pl\/sklep\/wp-json\/wp\/v2\/product_tag?post=4237"}],"curies":[{"name":"wp","href":"https:\/\/api.w.org\/{rel}","templated":true}]}}