{"id":425,"date":"2019-11-26T13:15:33","date_gmt":"2019-11-26T12:15:33","guid":{"rendered":"https:\/\/ceres.pl\/sklep\/sklep\/bez-kategorii\/tkanina-jutowa-80-cm-rolka-100-mb\/"},"modified":"2026-03-20T08:13:34","modified_gmt":"2026-03-20T07:13:34","slug":"tkanina-jutowa-80-cm-rolka-100-mb","status":"publish","type":"product","link":"https:\/\/ceres.pl\/sklep\/produkt\/juta\/tkanina-jutowa-80-cm-rolka-100-mb\/","title":{"rendered":"Tkanina jutowa 80 cm (rolka 100 mb)"},"content":{"rendered":"<p>Tkaniny jutowe nawini\u0119te na rolkach stosowane s\u0105 g\u0142\u00f3wnie w szk\u00f3\u0142karstwie do zabezpieczania bry\u0142 korzeniowych ro\u015blin wykopywanych z gruntu. Posiadaj\u0105 wzmocnione brzegi oraz wyr\u00f3wnany splot dzi\u0119ki czemu u\u0142atwiaj\u0105 wi\u0105zanie i zabezpieczaj\u0105 bry\u0142y korzeniowe przed uszkodzeniami. Proponujemy Pa\u0144stwu du\u017cy wyb\u00f3r dost\u0119pnych szeroko\u015bci, a nawini\u0119t\u0105 na rolki tkanin\u0119 mo\u017cecie Pa\u0144stwo doci\u0105\u0107 na odpowiedni\u0105 dla Was d\u0142ugo\u015b\u0107.<\/p>\n<p>Gramatura g\/m2: 125<\/p>\n<p>Szeroko\u015b\u0107 w cm: 80 cm<\/p>\n<p>Ilo\u015b\u0107 mb na rolce: 100<\/p>\n","protected":false},"excerpt":{"rendered":"<p>Tkaniny jutowe nawini\u0119te na rolkach stosowane s\u0105 g\u0142\u00f3wnie w szk\u00f3\u0142karstwie do zabezpieczania bry\u0142 korzeniowych ro\u015blin wykopywanych z gruntu. Posiadaj\u0105 wzmocnione brzegi oraz wyr\u00f3wnany splot dzi\u0119ki czemu u\u0142atwiaj\u0105 wi\u0105zanie i zabezpieczaj\u0105 bry\u0142y korzeniowe przed uszkodzeniami. Proponujemy Pa\u0144stwu du\u017cy wyb\u00f3r dost\u0119pnych szeroko\u015bci, a nawini\u0119t\u0105 na rolki tkanin\u0119 mo\u017cecie Pa\u0144stwo doci\u0105\u0107 na odpowiedni\u0105 dla Was d\u0142ugo\u015b\u0107. Gramatura g\/m2: [&hellip;]<\/p>\n","protected":false},"featured_media":964,"template":"","meta":{"_acf_changed":false,"_seopress_robots_primary_cat":"none","_seopress_titles_title":"","_seopress_titles_desc":"","_seopress_robots_index":""},"product_brand":[],"product_cat":[85],"product_tag":[],"class_list":{"0":"post-425","1":"product","2":"type-product","3":"status-publish","4":"has-post-thumbnail","6":"product_cat-juta","8":"first","9":"instock","10":"taxable","11":"shipping-taxable","12":"purchasable","13":"product-type-simple"},"acf":[],"_links":{"self":[{"href":"https:\/\/ceres.pl\/sklep\/wp-json\/wp\/v2\/product\/425","targetHints":{"allow":["GET"]}}],"collection":[{"href":"https:\/\/ceres.pl\/sklep\/wp-json\/wp\/v2\/product"}],"about":[{"href":"https:\/\/ceres.pl\/sklep\/wp-json\/wp\/v2\/types\/product"}],"wp:featuredmedia":[{"embeddable":true,"href":"https:\/\/ceres.pl\/sklep\/wp-json\/wp\/v2\/media\/964"}],"wp:attachment":[{"href":"https:\/\/ceres.pl\/sklep\/wp-json\/wp\/v2\/media?parent=425"}],"wp:term":[{"taxonomy":"product_brand","embeddable":true,"href":"https:\/\/ceres.pl\/sklep\/wp-json\/wp\/v2\/product_brand?post=425"},{"taxonomy":"product_cat","embeddable":true,"href":"https:\/\/ceres.pl\/sklep\/wp-json\/wp\/v2\/product_cat?post=425"},{"taxonomy":"product_tag","embeddable":true,"href":"https:\/\/ceres.pl\/sklep\/wp-json\/wp\/v2\/product_tag?post=425"}],"curies":[{"name":"wp","href":"https:\/\/api.w.org\/{rel}","templated":true}]}}