{"id":428,"date":"2019-11-26T13:16:57","date_gmt":"2019-11-26T12:16:57","guid":{"rendered":"https:\/\/ceres.pl\/sklep\/sklep\/bez-kategorii\/klips-zapinka-anna-opak-1000-szt-bialy\/"},"modified":"2026-04-20T11:35:38","modified_gmt":"2026-04-20T09:35:38","slug":"klips-zapinka-anna-opak-1000-szt-bialy","status":"publish","type":"product","link":"https:\/\/ceres.pl\/sklep\/produkt\/klipsy-do-malin\/klips-zapinka-anna-opak-1000-szt-bialy\/","title":{"rendered":"Klips \/ zapinka Anna (opak 1000 szt) bia\u0142y"},"content":{"rendered":"<p>Klips Anna bia\u0142y polecamy szczeg\u00f3lnie do m\u0142odych rozwijaj\u0105cych si\u0119 p\u0119d\u00f3w. Klips dzi\u0119ki swojej elastyczno\u015bci, lepiej dopasowuje si\u0119 do zmieniaj\u0105cej si\u0119 grubo\u015bci p\u0119d\u00f3w, unikaj\u0105c ich uszkodze\u0144. Jest to idealne rozwi\u0105zanie do prowadzenia p\u0119d\u00f3w malin w szpalerach. Klipsy Anna cechuj\u0105 si\u0119 wyj\u0105tkow\u0105 wytrzyma\u0142o\u015bci\u0105, posiadaj\u0105 mo\u017cliwo\u015b\u0107 regulacji stopnia \u201edopi\u0119cia\u201d p\u0119du do linki dzi\u0119ki trzem zaczepom monta\u017cowym.<\/p>\n<p>Dlaczego warto go stosowa\u0107?<\/p>\n<ul>\n<li>Znacz\u0105co przyspiesza prac\u0119 zwi\u0105zan\u0105 z mocowaniem p\u0119d\u00f3w malin.<\/li>\n<li>Jest wykonany z wysokiej jako\u015bci tworzywa, kt\u00f3re jest odporne na warunki atmosferyczne i przez d\u0142ugi czas zachowuje swoje w\u0142a\u015bciwo\u015bci.<\/li>\n<li>Dzi\u0119ki swojej konstrukcji zapewnia pewne mocowanie p\u0119d\u00f3w.<\/li>\n<li>Posiada regulacj\u0119 stopnia dopi\u0119cia p\u0119d\u00f3w, dzi\u0119ki czemu ka\u017cdy p\u0119d jest solidnie zamocowany.<\/li>\n<li>Bia\u0142y kolor rzuca si\u0119 w oczy wi\u0119c \u0142atwo mo\u017cna go zlokalizowa\u0107, zar\u00f3wno pomi\u0119dzy p\u0119dami, jak i w przypadku upuszczenia na grunt.<\/li>\n<\/ul>\n<p>&nbsp;<\/p>\n<p>Do klips\u00f3w Anna polecamy:<span style=\"color: #008000;\"> <strong><a style=\"color: #008000;\" href=\"https:\/\/ceres.pl\/sklep\/kategorie\/linki-poliestrowe\/\">Linki poliestrowe &#8211; Ceres.pl<\/a><\/strong><\/span><\/p>\n","protected":false},"excerpt":{"rendered":"<p>Klips Anna bia\u0142y polecamy szczeg\u00f3lnie do m\u0142odych rozwijaj\u0105cych si\u0119 p\u0119d\u00f3w. Klips dzi\u0119ki swojej elastyczno\u015bci, lepiej dopasowuje si\u0119 do zmieniaj\u0105cej si\u0119 grubo\u015bci p\u0119d\u00f3w, unikaj\u0105c ich uszkodze\u0144. Jest to idealne rozwi\u0105zanie do prowadzenia p\u0119d\u00f3w malin w szpalerach. Klipsy Anna cechuj\u0105 si\u0119 wyj\u0105tkow\u0105 wytrzyma\u0142o\u015bci\u0105, posiadaj\u0105 mo\u017cliwo\u015b\u0107 regulacji stopnia \u201edopi\u0119cia\u201d p\u0119du do linki dzi\u0119ki trzem zaczepom monta\u017cowym. Dlaczego warto [&hellip;]<\/p>\n","protected":false},"featured_media":955,"template":"","meta":{"_acf_changed":false,"_seopress_robots_primary_cat":"none","_seopress_titles_title":"","_seopress_titles_desc":"","_seopress_robots_index":""},"product_brand":[],"product_cat":[100],"product_tag":[],"class_list":{"0":"post-428","1":"product","2":"type-product","3":"status-publish","4":"has-post-thumbnail","6":"product_cat-klipsy-do-malin","8":"first","9":"instock","10":"taxable","11":"shipping-taxable","12":"purchasable","13":"product-type-simple"},"acf":[],"_links":{"self":[{"href":"https:\/\/ceres.pl\/sklep\/wp-json\/wp\/v2\/product\/428","targetHints":{"allow":["GET"]}}],"collection":[{"href":"https:\/\/ceres.pl\/sklep\/wp-json\/wp\/v2\/product"}],"about":[{"href":"https:\/\/ceres.pl\/sklep\/wp-json\/wp\/v2\/types\/product"}],"wp:featuredmedia":[{"embeddable":true,"href":"https:\/\/ceres.pl\/sklep\/wp-json\/wp\/v2\/media\/955"}],"wp:attachment":[{"href":"https:\/\/ceres.pl\/sklep\/wp-json\/wp\/v2\/media?parent=428"}],"wp:term":[{"taxonomy":"product_brand","embeddable":true,"href":"https:\/\/ceres.pl\/sklep\/wp-json\/wp\/v2\/product_brand?post=428"},{"taxonomy":"product_cat","embeddable":true,"href":"https:\/\/ceres.pl\/sklep\/wp-json\/wp\/v2\/product_cat?post=428"},{"taxonomy":"product_tag","embeddable":true,"href":"https:\/\/ceres.pl\/sklep\/wp-json\/wp\/v2\/product_tag?post=428"}],"curies":[{"name":"wp","href":"https:\/\/api.w.org\/{rel}","templated":true}]}}