{"id":429,"date":"2019-11-26T13:17:22","date_gmt":"2019-11-26T12:17:22","guid":{"rendered":"https:\/\/ceres.pl\/sklep\/sklep\/bez-kategorii\/klips-zapinka-roma-opak-1000-szt\/"},"modified":"2025-03-13T10:40:13","modified_gmt":"2025-03-13T09:40:13","slug":"klips-zapinka-roma-opak-1000-szt","status":"publish","type":"product","link":"https:\/\/ceres.pl\/sklep\/produkt\/klipsy-do-malin\/klips-zapinka-roma-opak-1000-szt\/","title":{"rendered":"Klips \/ zapinka Roma (opak 1000 szt)"},"content":{"rendered":"<p>Uniwersalna zapinka przystosowana do prowadzenia grubszych p\u0119d\u00f3w w uprawach w szpalerach. Stworzona z my\u015bl\u0105 o uprawie je\u017cyny, znajduje zastosowanie r\u00f3wnie\u017c w uprawach innych ro\u015blin.<\/p>\n","protected":false},"excerpt":{"rendered":"<p>Uniwersalna zapinka przystosowana do prowadzenia grubszych p\u0119d\u00f3w w uprawach w szpalerach. Stworzona z my\u015bl\u0105 o uprawie je\u017cyny, znajduje zastosowanie r\u00f3wnie\u017c w uprawach innych ro\u015blin.<\/p>\n","protected":false},"featured_media":913,"template":"","meta":{"_acf_changed":false,"_seopress_robots_primary_cat":"none","_seopress_titles_title":"","_seopress_titles_desc":"","_seopress_robots_index":""},"product_brand":[],"product_cat":[100],"product_tag":[],"class_list":{"0":"post-429","1":"product","2":"type-product","3":"status-publish","4":"has-post-thumbnail","6":"product_cat-klipsy-do-malin","8":"first","9":"outofstock","10":"taxable","11":"shipping-taxable","12":"purchasable","13":"product-type-simple"},"acf":[],"_links":{"self":[{"href":"https:\/\/ceres.pl\/sklep\/wp-json\/wp\/v2\/product\/429","targetHints":{"allow":["GET"]}}],"collection":[{"href":"https:\/\/ceres.pl\/sklep\/wp-json\/wp\/v2\/product"}],"about":[{"href":"https:\/\/ceres.pl\/sklep\/wp-json\/wp\/v2\/types\/product"}],"wp:featuredmedia":[{"embeddable":true,"href":"https:\/\/ceres.pl\/sklep\/wp-json\/wp\/v2\/media\/913"}],"wp:attachment":[{"href":"https:\/\/ceres.pl\/sklep\/wp-json\/wp\/v2\/media?parent=429"}],"wp:term":[{"taxonomy":"product_brand","embeddable":true,"href":"https:\/\/ceres.pl\/sklep\/wp-json\/wp\/v2\/product_brand?post=429"},{"taxonomy":"product_cat","embeddable":true,"href":"https:\/\/ceres.pl\/sklep\/wp-json\/wp\/v2\/product_cat?post=429"},{"taxonomy":"product_tag","embeddable":true,"href":"https:\/\/ceres.pl\/sklep\/wp-json\/wp\/v2\/product_tag?post=429"}],"curies":[{"name":"wp","href":"https:\/\/api.w.org\/{rel}","templated":true}]}}