{"id":440,"date":"2019-11-26T13:36:00","date_gmt":"2019-11-26T12:36:00","guid":{"rendered":"https:\/\/ceres.pl\/sklep\/sklep\/bez-kategorii\/multiplat-30264\/"},"modified":"2026-03-20T08:14:53","modified_gmt":"2026-03-20T07:14:53","slug":"multiplat-30264","status":"publish","type":"product","link":"https:\/\/ceres.pl\/sklep\/produkt\/multiplaty\/multiplat-30264\/","title":{"rendered":"Multiplat 30264"},"content":{"rendered":"<p>ilo\u015b\u0107 otwor\u00f3w 126 (14&#215;9), \u015brednica 3,0cm<br \/>\nOdpowiedni do paperpot 2,5cm<br \/>\nwymiary: 53x31x4,0 cm<\/p>\n","protected":false},"excerpt":{"rendered":"<p>ilo\u015b\u0107 otwor\u00f3w 126 (14&#215;9), \u015brednica 3,0cm Odpowiedni do paperpot 2,5cm wymiary: 53x31x4,0 cm<\/p>\n","protected":false},"featured_media":1131,"template":"","meta":{"_acf_changed":false,"_seopress_robots_primary_cat":"none","_seopress_titles_title":"","_seopress_titles_desc":"","_seopress_robots_index":""},"product_brand":[],"product_cat":[104],"product_tag":[],"class_list":{"0":"post-440","1":"product","2":"type-product","3":"status-publish","4":"has-post-thumbnail","6":"product_cat-multiplaty","8":"first","9":"outofstock","10":"taxable","11":"shipping-taxable","12":"purchasable","13":"product-type-simple"},"acf":[],"_links":{"self":[{"href":"https:\/\/ceres.pl\/sklep\/wp-json\/wp\/v2\/product\/440","targetHints":{"allow":["GET"]}}],"collection":[{"href":"https:\/\/ceres.pl\/sklep\/wp-json\/wp\/v2\/product"}],"about":[{"href":"https:\/\/ceres.pl\/sklep\/wp-json\/wp\/v2\/types\/product"}],"wp:featuredmedia":[{"embeddable":true,"href":"https:\/\/ceres.pl\/sklep\/wp-json\/wp\/v2\/media\/1131"}],"wp:attachment":[{"href":"https:\/\/ceres.pl\/sklep\/wp-json\/wp\/v2\/media?parent=440"}],"wp:term":[{"taxonomy":"product_brand","embeddable":true,"href":"https:\/\/ceres.pl\/sklep\/wp-json\/wp\/v2\/product_brand?post=440"},{"taxonomy":"product_cat","embeddable":true,"href":"https:\/\/ceres.pl\/sklep\/wp-json\/wp\/v2\/product_cat?post=440"},{"taxonomy":"product_tag","embeddable":true,"href":"https:\/\/ceres.pl\/sklep\/wp-json\/wp\/v2\/product_tag?post=440"}],"curies":[{"name":"wp","href":"https:\/\/api.w.org\/{rel}","templated":true}]}}