{"id":442,"date":"2019-11-26T13:39:04","date_gmt":"2019-11-26T12:39:04","guid":{"rendered":"https:\/\/ceres.pl\/sklep\/sklep\/bez-kategorii\/multiplat-60041\/"},"modified":"2026-03-26T15:03:52","modified_gmt":"2026-03-26T14:03:52","slug":"multiplat-60041","status":"publish","type":"product","link":"https:\/\/ceres.pl\/sklep\/produkt\/multiplaty\/multiplat-60041\/","title":{"rendered":"Multiplat 60041"},"content":{"rendered":"<p><strong>ilo\u015b\u0107 otwor\u00f3w: 40, roz\u0142amywane, <\/strong><\/p>\n<p><strong>wielko\u015b\u0107 otwor\u00f3w: 7cm x 7cm x 8cm<\/strong><\/p>\n<p>Ilo\u015b\u0107 w paczce: 50<\/p>\n<p>grubo\u015b\u0107: 0,70 mm<\/p>\n<p>Wymiary: 55,3 x 34,5 x 8,0 cm<\/p>\n","protected":false},"excerpt":{"rendered":"<p>ilo\u015b\u0107 otwor\u00f3w: 40, roz\u0142amywane, wielko\u015b\u0107 otwor\u00f3w: 7cm x 7cm x 8cm Ilo\u015b\u0107 w paczce: 50 grubo\u015b\u0107: 0,70 mm Wymiary: 55,3 x 34,5 x 8,0 cm<\/p>\n","protected":false},"featured_media":5885,"template":"","meta":{"_acf_changed":false,"_seopress_robots_primary_cat":"none","_seopress_titles_title":"","_seopress_titles_desc":"","_seopress_robots_index":""},"product_brand":[],"product_cat":[104],"product_tag":[],"class_list":{"0":"post-442","1":"product","2":"type-product","3":"status-publish","4":"has-post-thumbnail","6":"product_cat-multiplaty","8":"first","9":"outofstock","10":"taxable","11":"shipping-taxable","12":"purchasable","13":"product-type-simple"},"acf":[],"_links":{"self":[{"href":"https:\/\/ceres.pl\/sklep\/wp-json\/wp\/v2\/product\/442","targetHints":{"allow":["GET"]}}],"collection":[{"href":"https:\/\/ceres.pl\/sklep\/wp-json\/wp\/v2\/product"}],"about":[{"href":"https:\/\/ceres.pl\/sklep\/wp-json\/wp\/v2\/types\/product"}],"wp:featuredmedia":[{"embeddable":true,"href":"https:\/\/ceres.pl\/sklep\/wp-json\/wp\/v2\/media\/5885"}],"wp:attachment":[{"href":"https:\/\/ceres.pl\/sklep\/wp-json\/wp\/v2\/media?parent=442"}],"wp:term":[{"taxonomy":"product_brand","embeddable":true,"href":"https:\/\/ceres.pl\/sklep\/wp-json\/wp\/v2\/product_brand?post=442"},{"taxonomy":"product_cat","embeddable":true,"href":"https:\/\/ceres.pl\/sklep\/wp-json\/wp\/v2\/product_cat?post=442"},{"taxonomy":"product_tag","embeddable":true,"href":"https:\/\/ceres.pl\/sklep\/wp-json\/wp\/v2\/product_tag?post=442"}],"curies":[{"name":"wp","href":"https:\/\/api.w.org\/{rel}","templated":true}]}}