{"id":451,"date":"2019-11-26T13:55:36","date_gmt":"2019-11-26T12:55:36","guid":{"rendered":"https:\/\/ceres.pl\/sklep\/sklep\/bez-kategorii\/multiplat-65410\/"},"modified":"2025-10-08T09:24:38","modified_gmt":"2025-10-08T07:24:38","slug":"multiplat-65410","status":"publish","type":"product","link":"https:\/\/ceres.pl\/sklep\/produkt\/multiplaty\/multiplat-65410\/","title":{"rendered":"Multiplat 65410"},"content":{"rendered":"<p>ilo\u015b\u0107 otwor\u00f3w 104, \u015brednica 2,6<br \/>\nIlilo\u015b\u0107 w paczce: 84<br \/>\ngrubo\u015b\u0107: 0,60 mm<br \/>\nwymiary: 54x31x4,0 cm<\/p>\n","protected":false},"excerpt":{"rendered":"<p>ilo\u015b\u0107 otwor\u00f3w 104, \u015brednica 2,6 Ililo\u015b\u0107 w paczce: 84 grubo\u015b\u0107: 0,60 mm wymiary: 54x31x4,0 cm<\/p>\n","protected":false},"featured_media":1135,"template":"","meta":{"_acf_changed":false,"_seopress_robots_primary_cat":"none","_seopress_titles_title":"","_seopress_titles_desc":"","_seopress_robots_index":""},"product_brand":[],"product_cat":[104],"product_tag":[],"class_list":{"0":"post-451","1":"product","2":"type-product","3":"status-publish","4":"has-post-thumbnail","6":"product_cat-multiplaty","8":"first","9":"instock","10":"taxable","11":"shipping-taxable","12":"purchasable","13":"product-type-simple"},"acf":[],"_links":{"self":[{"href":"https:\/\/ceres.pl\/sklep\/wp-json\/wp\/v2\/product\/451","targetHints":{"allow":["GET"]}}],"collection":[{"href":"https:\/\/ceres.pl\/sklep\/wp-json\/wp\/v2\/product"}],"about":[{"href":"https:\/\/ceres.pl\/sklep\/wp-json\/wp\/v2\/types\/product"}],"wp:featuredmedia":[{"embeddable":true,"href":"https:\/\/ceres.pl\/sklep\/wp-json\/wp\/v2\/media\/1135"}],"wp:attachment":[{"href":"https:\/\/ceres.pl\/sklep\/wp-json\/wp\/v2\/media?parent=451"}],"wp:term":[{"taxonomy":"product_brand","embeddable":true,"href":"https:\/\/ceres.pl\/sklep\/wp-json\/wp\/v2\/product_brand?post=451"},{"taxonomy":"product_cat","embeddable":true,"href":"https:\/\/ceres.pl\/sklep\/wp-json\/wp\/v2\/product_cat?post=451"},{"taxonomy":"product_tag","embeddable":true,"href":"https:\/\/ceres.pl\/sklep\/wp-json\/wp\/v2\/product_tag?post=451"}],"curies":[{"name":"wp","href":"https:\/\/api.w.org\/{rel}","templated":true}]}}