{"id":452,"date":"2019-11-26T13:55:52","date_gmt":"2019-11-26T12:55:52","guid":{"rendered":"https:\/\/ceres.pl\/sklep\/sklep\/bez-kategorii\/multiplat-65420\/"},"modified":"2026-03-20T08:18:14","modified_gmt":"2026-03-20T07:18:14","slug":"multiplat-65420","status":"publish","type":"product","link":"https:\/\/ceres.pl\/sklep\/produkt\/multiplaty\/multiplat-65420\/","title":{"rendered":"Multiplat 65420"},"content":{"rendered":"<p><strong>Ilo\u015b\u0107 otwor\u00f3w 51, <\/strong><\/p>\n<p><strong>\u015brednica 4cm<\/strong><\/p>\n<p>Ilo\u015b\u0107 w paczce: 80szt<\/p>\n<p>grubo\u015b\u0107: 0,80 mm<\/p>\n<p>Wymiary: 52cm x 30cm x5,2 cm<\/p>\n","protected":false},"excerpt":{"rendered":"<p>Ilo\u015b\u0107 otwor\u00f3w 51, \u015brednica 4cm Ilo\u015b\u0107 w paczce: 80szt grubo\u015b\u0107: 0,80 mm Wymiary: 52cm x 30cm x5,2 cm<\/p>\n","protected":false},"featured_media":5887,"template":"","meta":{"_acf_changed":false,"_seopress_robots_primary_cat":"none","_seopress_titles_title":"","_seopress_titles_desc":"","_seopress_robots_index":""},"product_brand":[],"product_cat":[104],"product_tag":[],"class_list":{"0":"post-452","1":"product","2":"type-product","3":"status-publish","4":"has-post-thumbnail","6":"product_cat-multiplaty","8":"first","9":"outofstock","10":"taxable","11":"shipping-taxable","12":"purchasable","13":"product-type-simple"},"acf":[],"_links":{"self":[{"href":"https:\/\/ceres.pl\/sklep\/wp-json\/wp\/v2\/product\/452","targetHints":{"allow":["GET"]}}],"collection":[{"href":"https:\/\/ceres.pl\/sklep\/wp-json\/wp\/v2\/product"}],"about":[{"href":"https:\/\/ceres.pl\/sklep\/wp-json\/wp\/v2\/types\/product"}],"wp:featuredmedia":[{"embeddable":true,"href":"https:\/\/ceres.pl\/sklep\/wp-json\/wp\/v2\/media\/5887"}],"wp:attachment":[{"href":"https:\/\/ceres.pl\/sklep\/wp-json\/wp\/v2\/media?parent=452"}],"wp:term":[{"taxonomy":"product_brand","embeddable":true,"href":"https:\/\/ceres.pl\/sklep\/wp-json\/wp\/v2\/product_brand?post=452"},{"taxonomy":"product_cat","embeddable":true,"href":"https:\/\/ceres.pl\/sklep\/wp-json\/wp\/v2\/product_cat?post=452"},{"taxonomy":"product_tag","embeddable":true,"href":"https:\/\/ceres.pl\/sklep\/wp-json\/wp\/v2\/product_tag?post=452"}],"curies":[{"name":"wp","href":"https:\/\/api.w.org\/{rel}","templated":true}]}}