{"id":455,"date":"2019-11-26T13:57:57","date_gmt":"2019-11-26T12:57:57","guid":{"rendered":"https:\/\/ceres.pl\/sklep\/sklep\/bez-kategorii\/multiplat-65474\/"},"modified":"2026-01-21T14:27:38","modified_gmt":"2026-01-21T13:27:38","slug":"multiplat-65474","status":"publish","type":"product","link":"https:\/\/ceres.pl\/sklep\/produkt\/multiplaty\/multiplat-65474\/","title":{"rendered":"Multiplat 65474"},"content":{"rendered":"<p>ilo\u015b\u0107 otwor\u00f3w 160, \u015brednica 3,2<br \/>\nilo\u015b\u0107 w paczce: 60<br \/>\ngrubo\u015b\u0107: 1,00 mm<br \/>\nwymiary: 56x36x5,2 cm<\/p>\n","protected":false},"excerpt":{"rendered":"<p>ilo\u015b\u0107 otwor\u00f3w 160, \u015brednica 3,2 ilo\u015b\u0107 w paczce: 60 grubo\u015b\u0107: 1,00 mm wymiary: 56x36x5,2 cm<\/p>\n","protected":false},"featured_media":1133,"template":"","meta":{"_acf_changed":false,"_seopress_robots_primary_cat":"none","_seopress_titles_title":"","_seopress_titles_desc":"","_seopress_robots_index":""},"product_brand":[],"product_cat":[104],"product_tag":[],"class_list":{"0":"post-455","1":"product","2":"type-product","3":"status-publish","4":"has-post-thumbnail","6":"product_cat-multiplaty","8":"first","9":"instock","10":"taxable","11":"shipping-taxable","12":"purchasable","13":"product-type-simple"},"acf":[],"_links":{"self":[{"href":"https:\/\/ceres.pl\/sklep\/wp-json\/wp\/v2\/product\/455","targetHints":{"allow":["GET"]}}],"collection":[{"href":"https:\/\/ceres.pl\/sklep\/wp-json\/wp\/v2\/product"}],"about":[{"href":"https:\/\/ceres.pl\/sklep\/wp-json\/wp\/v2\/types\/product"}],"wp:featuredmedia":[{"embeddable":true,"href":"https:\/\/ceres.pl\/sklep\/wp-json\/wp\/v2\/media\/1133"}],"wp:attachment":[{"href":"https:\/\/ceres.pl\/sklep\/wp-json\/wp\/v2\/media?parent=455"}],"wp:term":[{"taxonomy":"product_brand","embeddable":true,"href":"https:\/\/ceres.pl\/sklep\/wp-json\/wp\/v2\/product_brand?post=455"},{"taxonomy":"product_cat","embeddable":true,"href":"https:\/\/ceres.pl\/sklep\/wp-json\/wp\/v2\/product_cat?post=455"},{"taxonomy":"product_tag","embeddable":true,"href":"https:\/\/ceres.pl\/sklep\/wp-json\/wp\/v2\/product_tag?post=455"}],"curies":[{"name":"wp","href":"https:\/\/api.w.org\/{rel}","templated":true}]}}