{"id":456,"date":"2019-11-26T13:58:17","date_gmt":"2019-11-26T12:58:17","guid":{"rendered":"https:\/\/ceres.pl\/sklep\/sklep\/bez-kategorii\/multiplat-65475\/"},"modified":"2026-03-20T08:17:43","modified_gmt":"2026-03-20T07:17:43","slug":"multiplat-65475","status":"publish","type":"product","link":"https:\/\/ceres.pl\/sklep\/produkt\/multiplaty\/multiplat-65475\/","title":{"rendered":"Multiplat 65475"},"content":{"rendered":"<p>ilo\u015b\u0107 otwor\u00f3w 60, \u015brednica 3,8<br \/>\nilo\u015b\u0107 w paczce: 60<br \/>\ngrubo\u015b\u0107: 0,60 mm<br \/>\nwymiary: 54&#215;31,5&#215;4 cm<\/p>\n","protected":false},"excerpt":{"rendered":"<p>ilo\u015b\u0107 otwor\u00f3w 60, \u015brednica 3,8 ilo\u015b\u0107 w paczce: 60 grubo\u015b\u0107: 0,60 mm wymiary: 54&#215;31,5&#215;4 cm<\/p>\n","protected":false},"featured_media":1136,"template":"","meta":{"_acf_changed":false,"_seopress_robots_primary_cat":"none","_seopress_titles_title":"","_seopress_titles_desc":"","_seopress_robots_index":""},"product_brand":[],"product_cat":[104],"product_tag":[],"class_list":{"0":"post-456","1":"product","2":"type-product","3":"status-publish","4":"has-post-thumbnail","6":"product_cat-multiplaty","8":"first","9":"instock","10":"taxable","11":"shipping-taxable","12":"purchasable","13":"product-type-simple"},"acf":[],"_links":{"self":[{"href":"https:\/\/ceres.pl\/sklep\/wp-json\/wp\/v2\/product\/456","targetHints":{"allow":["GET"]}}],"collection":[{"href":"https:\/\/ceres.pl\/sklep\/wp-json\/wp\/v2\/product"}],"about":[{"href":"https:\/\/ceres.pl\/sklep\/wp-json\/wp\/v2\/types\/product"}],"wp:featuredmedia":[{"embeddable":true,"href":"https:\/\/ceres.pl\/sklep\/wp-json\/wp\/v2\/media\/1136"}],"wp:attachment":[{"href":"https:\/\/ceres.pl\/sklep\/wp-json\/wp\/v2\/media?parent=456"}],"wp:term":[{"taxonomy":"product_brand","embeddable":true,"href":"https:\/\/ceres.pl\/sklep\/wp-json\/wp\/v2\/product_brand?post=456"},{"taxonomy":"product_cat","embeddable":true,"href":"https:\/\/ceres.pl\/sklep\/wp-json\/wp\/v2\/product_cat?post=456"},{"taxonomy":"product_tag","embeddable":true,"href":"https:\/\/ceres.pl\/sklep\/wp-json\/wp\/v2\/product_tag?post=456"}],"curies":[{"name":"wp","href":"https:\/\/api.w.org\/{rel}","templated":true}]}}