{"id":4578,"date":"2023-05-23T13:41:16","date_gmt":"2023-05-23T11:41:16","guid":{"rendered":"https:\/\/ceres.pl\/sklep\/produkt\/bez-kategorii\/siatka-przeciw-owadom-90g-118-x-175-mm-200-cm-x-200-mb\/"},"modified":"2025-03-12T09:57:22","modified_gmt":"2025-03-12T08:57:22","slug":"siatka-przeciw-owadom-90g-118-x-175-mm-200-cm-x-200-mb","status":"publish","type":"product","link":"https:\/\/ceres.pl\/sklep\/produkt\/siatki-przeciw-owadom\/siatka-przeciw-owadom-90g-118-x-175-mm-200-cm-x-200-mb\/","title":{"rendered":"Siatka przeciw owadom   90g       1,18 x 1,75 mm    200 cm x 200 mb"},"content":{"rendered":"<p>Siatki przeciw owadom stanowi\u0105 mechaniczn\u0105 barier\u0119, kt\u00f3rej nie mog\u0105 sforsowa\u0107 doros\u0142e osobniki, co w konsekwencji zabezpiecza owoce przed mo\u017cliwo\u015bci\u0105 z\u0142o\u017cenia jaj w owocach i rozwojem larw niszcz\u0105cych owoce.<\/p>\n<p>Nasze siatki zosta\u0142y stworzone z najwy\u017cszej jako\u015bci polietylenu HDPE stabilizowanego na dzia\u0142anie szkodliwego promieniowania UV. Dzi\u0119ki temu cechuj\u0105 si\u0119 najwy\u017csz\u0105 jako\u015bci\u0105 oraz trwa\u0142o\u015bci\u0105 i mog\u0105 spe\u0142nia\u0107 swoj\u0105 funkcj\u0119 przez d\u0142ugi czas. Sekret ich skuteczno\u015bci tkwi w bardzo drobnych oczkach, kt\u00f3rych rozmiar zapewnia skuteczn\u0105 blokad\u0119 i uniemo\u017cliwia przedostanie si\u0119 doros\u0142ym owadom do plantacji. Materia\u0142, z kt\u00f3rego wykonane s\u0105 nasze siatki jest transparentny, dzi\u0119ki czemu zapewnia bardzo du\u017c\u0105 przepuszczalno\u015b\u0107 \u015bwiat\u0142a i nie wp\u0142ywa na pogorszenie warunk\u00f3w uprawy.<\/p>\n<p>Gramatura: 90 g<\/p>\n<p>Szeroko\u015b\u0107: 200 cm x 200 mb<\/p>\n<p><strong>Zastosowanie:<\/strong><\/p>\n<p>&#8211; do ochrony plantacji przed nalotem szkodliwej muszki Drosophilla suzuki, jak r\u00f3wnie\u017c innych owad\u00f3w.<\/p>\n<p>&#8211; mo\u017cliwe u\u017cycie zar\u00f3wno w pionie, jak i w poziomie.<\/p>\n<p><strong>Nasze siatki zapewniaj\u0105:<\/strong><\/p>\n<p>&#8211; redukcj\u0119 mo\u017cliwo\u015bci nalotu szkodnik\u00f3w na plantacj\u0119.<\/p>\n<p>&#8211; najwy\u017csz\u0105 ochron\u0119 i zabezpieczenie przed nalotem Drosophilla suzukii nie ograniczaj\u0105c wentylacji.<\/p>\n<p>&nbsp;<\/p>\n<p>Parametry techniczne:<\/p>\n<p>Materia\u0142: HDPE<\/p>\n<p>Stabilizacja UV: TAK<\/p>\n<p>GRAMATURA: 90 g\/m2<\/p>\n<p>KOLOR: PRZEZROCZYSTY<\/p>\n<p>PRZEPUSZCZALONO\u015a\u0106 \u015aWIAT\u0141A: DO 93%<\/p>\n","protected":false},"excerpt":{"rendered":"<p>Siatki przeciw owadom stanowi\u0105 mechaniczn\u0105 barier\u0119, kt\u00f3rej nie mog\u0105 sforsowa\u0107 doros\u0142e osobniki, co w konsekwencji zabezpiecza owoce przed mo\u017cliwo\u015bci\u0105 z\u0142o\u017cenia jaj w owocach i rozwojem larw niszcz\u0105cych owoce. Nasze siatki zosta\u0142y stworzone z najwy\u017cszej jako\u015bci polietylenu HDPE stabilizowanego na dzia\u0142anie szkodliwego promieniowania UV. Dzi\u0119ki temu cechuj\u0105 si\u0119 najwy\u017csz\u0105 jako\u015bci\u0105 oraz trwa\u0142o\u015bci\u0105 i mog\u0105 spe\u0142nia\u0107 swoj\u0105 [&hellip;]<\/p>\n","protected":false},"featured_media":5865,"template":"","meta":{"_acf_changed":false,"_seopress_robots_primary_cat":"none","_seopress_titles_title":"","_seopress_titles_desc":"Siatki przeciw owadom stanowi\u0105 mechaniczn\u0105 barier\u0119, kt\u00f3rej nie mog\u0105 sforsowa\u0107 doros\u0142e osobniki, co w konsekwencji zabezpiecza owoce przed mo\u017cliwo\u015bci\u0105 z\u0142o\u017cenia jaj w owocach i rozwojem larw niszcz\u0105cych owoce.","_seopress_robots_index":""},"product_brand":[],"product_cat":[184],"product_tag":[],"class_list":{"0":"post-4578","1":"product","2":"type-product","3":"status-publish","4":"has-post-thumbnail","6":"product_cat-siatki-przeciw-owadom","8":"first","9":"instock","10":"taxable","11":"shipping-taxable","12":"purchasable","13":"product-type-simple"},"acf":[],"_links":{"self":[{"href":"https:\/\/ceres.pl\/sklep\/wp-json\/wp\/v2\/product\/4578","targetHints":{"allow":["GET"]}}],"collection":[{"href":"https:\/\/ceres.pl\/sklep\/wp-json\/wp\/v2\/product"}],"about":[{"href":"https:\/\/ceres.pl\/sklep\/wp-json\/wp\/v2\/types\/product"}],"wp:featuredmedia":[{"embeddable":true,"href":"https:\/\/ceres.pl\/sklep\/wp-json\/wp\/v2\/media\/5865"}],"wp:attachment":[{"href":"https:\/\/ceres.pl\/sklep\/wp-json\/wp\/v2\/media?parent=4578"}],"wp:term":[{"taxonomy":"product_brand","embeddable":true,"href":"https:\/\/ceres.pl\/sklep\/wp-json\/wp\/v2\/product_brand?post=4578"},{"taxonomy":"product_cat","embeddable":true,"href":"https:\/\/ceres.pl\/sklep\/wp-json\/wp\/v2\/product_cat?post=4578"},{"taxonomy":"product_tag","embeddable":true,"href":"https:\/\/ceres.pl\/sklep\/wp-json\/wp\/v2\/product_tag?post=4578"}],"curies":[{"name":"wp","href":"https:\/\/api.w.org\/{rel}","templated":true}]}}