{"id":4622,"date":"2023-06-16T13:42:40","date_gmt":"2023-06-16T11:42:40","guid":{"rendered":"https:\/\/ceres.pl\/sklep\/produkt\/bez-kategorii\/substrat-do-ukorzeniania-sadzonek-roslin-ozdobnych-70l-i\/"},"modified":"2026-04-08T09:25:46","modified_gmt":"2026-04-08T07:25:46","slug":"substrat-do-ukorzeniania-sadzonek-roslin-ozdobnych-70l-i","status":"publish","type":"product","link":"https:\/\/ceres.pl\/sklep\/produkt\/podloza-i-substraty-na-bazie-wlokna-kokosowego\/substrat-do-ukorzeniania-sadzonek-roslin-ozdobnych-70l-i\/","title":{"rendered":"SUBSTRAT DO UKORZENIANIA SADZONEK RO\u015aLIN OZDOBNYCH  70L I"},"content":{"rendered":"<p>Substrat oparty na w\u0142\u00f3knie kokosowym i torfie o starannie dobranej strukturze, wzbogacony perlitem i nawozami mineralnymi. Idealny do ukorzeniania oraz pikowania ro\u015blin iglastych. Zakres pH: 4,5\u20135,5.<\/p>\n<p>Produkt najwy\u017cszej jako\u015bci, kt\u00f3ry zapewnia optymalne warunki powietrzno-wodne, kluczowe dla efektywnego tworzenia i rozwoju systemu korzeniowego. G\u0142\u00f3wnym sk\u0142adnikiem pod\u0142o\u017ca jest w\u0142\u00f3kno kokosowe, kt\u00f3re gwarantuje lekko\u015b\u0107 i doskona\u0142\u0105 przepuszczalno\u015b\u0107 powietrza.<\/p>\n<h3>Zastosowanie:<\/h3>\n<ul>\n<li>Ukorzenianie sadzonek ro\u015blin iglastych:\n<ul>\n<li>sosna<\/li>\n<li>tuje<\/li>\n<li>ja\u0142owce<\/li>\n<li>cyprysy<\/li>\n<li>cisy<\/li>\n<li>\u015bwierki<\/li>\n<\/ul>\n<\/li>\n<li>Dodatek poprawiaj\u0105cy w\u0142a\u015bciwo\u015bci innych pod\u0142o\u017cy<\/li>\n<\/ul>\n<h3>Parametry:<\/h3>\n<ul>\n<li>Sk\u0142ad: w\u0142\u00f3kno kokosowe, torf odkwaszony, perlit, dawka startowa nawozu<\/li>\n<li>pH: 4,5\u20135,5.<\/li>\n<li>Lekka struktura, doskona\u0142a przepuszczalno\u015b\u0107 powietrza<\/li>\n<\/ul>\n","protected":false},"excerpt":{"rendered":"<p>Substrat oparty na w\u0142\u00f3knie kokosowym i torfie o starannie dobranej strukturze, wzbogacony perlitem i nawozami mineralnymi. Idealny do ukorzeniania oraz pikowania ro\u015blin iglastych. Zakres pH: 4,5\u20135,5. Produkt najwy\u017cszej jako\u015bci, kt\u00f3ry zapewnia optymalne warunki powietrzno-wodne, kluczowe dla efektywnego tworzenia i rozwoju systemu korzeniowego. G\u0142\u00f3wnym sk\u0142adnikiem pod\u0142o\u017ca jest w\u0142\u00f3kno kokosowe, kt\u00f3re gwarantuje lekko\u015b\u0107 i doskona\u0142\u0105 przepuszczalno\u015b\u0107 powietrza. [&hellip;]<\/p>\n","protected":false},"featured_media":5666,"template":"","meta":{"_acf_changed":false,"_seopress_robots_primary_cat":"none","_seopress_titles_title":"","_seopress_titles_desc":"","_seopress_robots_index":""},"product_brand":[],"product_cat":[89],"product_tag":[],"class_list":{"0":"post-4622","1":"product","2":"type-product","3":"status-publish","4":"has-post-thumbnail","6":"product_cat-podloza-i-substraty-na-bazie-wlokna-kokosowego","8":"first","9":"instock","10":"taxable","11":"shipping-taxable","12":"purchasable","13":"product-type-simple"},"acf":[],"_links":{"self":[{"href":"https:\/\/ceres.pl\/sklep\/wp-json\/wp\/v2\/product\/4622","targetHints":{"allow":["GET"]}}],"collection":[{"href":"https:\/\/ceres.pl\/sklep\/wp-json\/wp\/v2\/product"}],"about":[{"href":"https:\/\/ceres.pl\/sklep\/wp-json\/wp\/v2\/types\/product"}],"wp:featuredmedia":[{"embeddable":true,"href":"https:\/\/ceres.pl\/sklep\/wp-json\/wp\/v2\/media\/5666"}],"wp:attachment":[{"href":"https:\/\/ceres.pl\/sklep\/wp-json\/wp\/v2\/media?parent=4622"}],"wp:term":[{"taxonomy":"product_brand","embeddable":true,"href":"https:\/\/ceres.pl\/sklep\/wp-json\/wp\/v2\/product_brand?post=4622"},{"taxonomy":"product_cat","embeddable":true,"href":"https:\/\/ceres.pl\/sklep\/wp-json\/wp\/v2\/product_cat?post=4622"},{"taxonomy":"product_tag","embeddable":true,"href":"https:\/\/ceres.pl\/sklep\/wp-json\/wp\/v2\/product_tag?post=4622"}],"curies":[{"name":"wp","href":"https:\/\/api.w.org\/{rel}","templated":true}]}}