{"id":479,"date":"2019-11-26T14:12:12","date_gmt":"2019-11-26T13:12:12","guid":{"rendered":"https:\/\/ceres.pl\/sklep\/sklep\/bez-kategorii\/multiplat-herkupak-hp-d-200-3p-20\/"},"modified":"2026-03-20T08:16:20","modified_gmt":"2026-03-20T07:16:20","slug":"multiplat-herkupak-hp-d-200-3p-20","status":"publish","type":"product","link":"https:\/\/ceres.pl\/sklep\/produkt\/multiplaty\/multiplat-herkupak-hp-d-200-3p-20\/","title":{"rendered":"Multiplat HerkuPak HP D 200\/3P-20"},"content":{"rendered":"<p>Multiplat do paperpot\u00f3w o \u015brednicy 20mm<\/p>\n<p>Wymiary: 310&#215;530 x 38 mm<\/p>\n<p>Ilo\u015b\u0107 otwor\u00f3w: 200<\/p>\n<p>Ilo\u015b\u0107 otwor\u00f3w na m2: 1217<\/p>\n<p>Ilo\u015b\u0107 sztuk w opakowaniu: 70<\/p>\n<p>Typ: Herkuplast HP D 200\/3P-20<\/p>\n","protected":false},"excerpt":{"rendered":"<p><span style=\"color: #e30714;\"><strong>CENA ZA SZTUK\u0118! PAKOWANE PO 70 SZTUK.<\/strong><\/span><\/p>\n","protected":false},"featured_media":1130,"template":"","meta":{"_acf_changed":false,"_seopress_robots_primary_cat":"none","_seopress_titles_title":"","_seopress_titles_desc":"","_seopress_robots_index":""},"product_brand":[],"product_cat":[104],"product_tag":[],"class_list":{"0":"post-479","1":"product","2":"type-product","3":"status-publish","4":"has-post-thumbnail","6":"product_cat-multiplaty","8":"first","9":"outofstock","10":"taxable","11":"shipping-taxable","12":"purchasable","13":"product-type-simple"},"acf":[],"_links":{"self":[{"href":"https:\/\/ceres.pl\/sklep\/wp-json\/wp\/v2\/product\/479","targetHints":{"allow":["GET"]}}],"collection":[{"href":"https:\/\/ceres.pl\/sklep\/wp-json\/wp\/v2\/product"}],"about":[{"href":"https:\/\/ceres.pl\/sklep\/wp-json\/wp\/v2\/types\/product"}],"wp:featuredmedia":[{"embeddable":true,"href":"https:\/\/ceres.pl\/sklep\/wp-json\/wp\/v2\/media\/1130"}],"wp:attachment":[{"href":"https:\/\/ceres.pl\/sklep\/wp-json\/wp\/v2\/media?parent=479"}],"wp:term":[{"taxonomy":"product_brand","embeddable":true,"href":"https:\/\/ceres.pl\/sklep\/wp-json\/wp\/v2\/product_brand?post=479"},{"taxonomy":"product_cat","embeddable":true,"href":"https:\/\/ceres.pl\/sklep\/wp-json\/wp\/v2\/product_cat?post=479"},{"taxonomy":"product_tag","embeddable":true,"href":"https:\/\/ceres.pl\/sklep\/wp-json\/wp\/v2\/product_tag?post=479"}],"curies":[{"name":"wp","href":"https:\/\/api.w.org\/{rel}","templated":true}]}}