{"id":4913,"date":"2024-01-10T14:55:14","date_gmt":"2024-01-10T13:55:14","guid":{"rendered":"https:\/\/ceres.pl\/sklep\/produkt\/bez-kategorii\/biofertisoil-g-20-05-1-mm-opak-12kg\/"},"modified":"2026-04-16T09:08:09","modified_gmt":"2026-04-16T07:08:09","slug":"biofertisoil-g-20-05-1-mm-opak-12kg","status":"publish","type":"product","link":"https:\/\/ceres.pl\/sklep\/produkt\/pozyteczne-mikroorganizmy\/preparaty-poprawiajace-odzywienie-roslin\/biofertisoil-g-20-05-1-mm-opak-12kg\/","title":{"rendered":"BIOFERTISOIL G (20) 0,5-1 mm opak. 12kg"},"content":{"rendered":"<p>BIOFERTI SOIL G20<\/p>\n<p>Preparat w formie granulatu. Poprawia jako\u015b\u0107 pod\u0142o\u017cy uprawowych w ca\u0142ym okresie produkcji.<\/p>\n<p>Stosowany do pod\u0142o\u017cy we wczesnej fazie wzrostu zaszczepia system korzeniowy i cz\u0119\u015b\u0107 nadziemn\u0105 ro\u015bliny mikoryz\u0105 i endofitami. Dodatkowym efektem jest szybka kolonizacja strefy korzeniowej grzybami z rodzaju Trichoderma.<\/p>\n<p>Ze wzgl\u0119du na dodatek a\u017c trzech gatunk\u00f3w Trichodermy preparat jest bardziej uniwersalny w r\u00f3\u017cnych warunkach uprawowych. Tam gdzie warunki nie sprzyjaj\u0105 rozwojowi np. T. harzianum\u00a0 statanowisko zajm\u0105 albo T. longibrachiatum albo t. asperellum. I odwrotnie.<\/p>\n<p>Dzi\u0119ki ma\u0142ym granulom \u2013 do 1mm otrzymujemy r\u00f3wnomierne zaszczepienie pod\u0142o\u017ca co daje nam o wiele lepsze efekty ni\u017c stosowanie innych metod szczepienia. Ta r\u00f3\u017cnica jest wyra\u017anie widoczna w uprawach\u00a0 ro\u015blin zagro\u017conych chorobami odkorzeniowymi lub na stanowiskach po dezynfekcji pod\u0142o\u017ca.<\/p>\n<p>Dodatek BIOFERTI SOIL G20 w substracie na ka\u017cdym etapie produkcji zwi\u0105zanym z przesadzaniem ro\u015blin daje w praktyce czyste \u015brodowisko rozwoju korzeni.<\/p>\n<p>Ostateczne rezultaty to :<\/p>\n<p>&#8211; bardziej wyr\u00f3wnany wzrost ca\u0142ej partii towaru<\/p>\n<p>&#8211; lepsze od\u017cywienie ro\u015blin w trakcie produkcji i po przesadzeniu na miejsce sta\u0142e<\/p>\n<p>&#8211; szybszy rozw\u00f3j \/przyspieszenie faz rozwojowych<\/p>\n<p>&#8211; przyspieszenie zbior\u00f3w i poprawa jako\u015bci plonu<\/p>\n<p>&#8211; wyd\u0142u\u017cenie okresu plonowania lub przyspieszenie likwidacji uprawy<\/p>\n<p>&#8211; przyspieszenie rozk\u0142adu resztek po\u017cniwnych.<\/p>\n<p>&#8211; zwi\u0119kszona odporno\u015b\u0107 na wszelkiego rodzaju stresy<\/p>\n<p>&nbsp;<\/p>\n<p>Zalecany w :<\/p>\n<p>&#8211; szk\u00f3\u0142karstwie ozdobnym<\/p>\n<p>&#8211; szk\u00f3\u0142karstwie jagodowym<\/p>\n<p>&#8211; szk\u00f3\u0142karstwie sadowniczym<\/p>\n<p>&#8211; produkcji rozsad warzyw i ro\u015blin ozdobnych<\/p>\n<p>&#8211; w ka\u017cdej produkcji zagro\u017conej chorobami strefy korzeniowej<\/p>\n<p>&#8211; w ka\u017cdej produkcji w zdezynfekowanym lub sterylnym pod\u0142o\u017cu<\/p>\n<p>&nbsp;<\/p>\n<p>W ofercie mamy te\u017c<\/p>\n<p>&#8211; Pod\u0142o\u017ce do siewu i ukorzeniania PREMIUM+ BIOFERTI SOIL<\/p>\n<p>&#8211; PAPERPOTY z dodatkiem BIOFERTI SOIL<\/p>\n<p>&nbsp;<\/p>\n<p>Dawkowanie :<\/p>\n<p>250 \u2013 1000 g na m3 substratu<\/p>\n<p>5-15 kg na ha<\/p>\n<p>Dawki zale\u017cne s\u0105 od gatunk\u00f3w i d\u0142ugo\u015bci okresu produkcji w substracie i od g\u0119sto\u015bci nasadze\u0144 w polu. Szczeg\u00f3\u0142owe informacje uzyskasz kontaktuj\u0105c si\u0119 z nami.<\/p>\n<p>Tel: 601755396<\/p>\n<p>Email : <a href=\"mailto:bio@ceres.pl\"><u>bio@ceres.pl<\/u><\/a><\/p>\n<p>SK\u0141AD :<\/p>\n<p>Grzyby mikoryzowe\u00a05%\u00a0\u00a0\u00a0 &#8211;\u00a0 Glomus\u00a0intraradices, Glomus\u00a0mossae, Funneliformis\u00a0calledonium<\/p>\n<p>Endofity, Bakterie PGPR \u2013 Bacillus megaterium, Azotobacter\u00a0vinelandii, Rhodopseudomonas\u00a0palustris<\/p>\n<p>Trichoderma \u2013 T. harzianum, T. longibrachiatum, T. asperellum<\/p>\n","protected":false},"excerpt":{"rendered":"<p>BIOFERTI SOIL G20 Preparat w formie granulatu. Poprawia jako\u015b\u0107 pod\u0142o\u017cy uprawowych w ca\u0142ym okresie produkcji. Stosowany do pod\u0142o\u017cy we wczesnej fazie wzrostu zaszczepia system korzeniowy i cz\u0119\u015b\u0107 nadziemn\u0105 ro\u015bliny mikoryz\u0105 i endofitami. Dodatkowym efektem jest szybka kolonizacja strefy korzeniowej grzybami z rodzaju Trichoderma. Ze wzgl\u0119du na dodatek a\u017c trzech gatunk\u00f3w Trichodermy preparat jest bardziej uniwersalny [&hellip;]<\/p>\n","protected":false},"featured_media":6162,"template":"","meta":{"_acf_changed":false,"_seopress_robots_primary_cat":"none","_seopress_titles_title":"","_seopress_titles_desc":"BIOFERTI SOIL G20 to preparat w formie granulatu. Poprawia jako\u015b\u0107 pod\u0142o\u017cy uprawowych w ca\u0142ym okresie produkcji. Dodatek BIOFERTI SOIL G20 w substracie na ka\u017cdym etapie produkcji zwi\u0105zanym z przesadzaniem ro\u015blin daje w praktyce czyste \u015brodowisko rozwoju korzeni.","_seopress_robots_index":""},"product_brand":[],"product_cat":[141,185],"product_tag":[],"class_list":{"0":"post-4913","1":"product","2":"type-product","3":"status-publish","4":"has-post-thumbnail","6":"product_cat-pozyteczne-mikroorganizmy","7":"product_cat-preparaty-poprawiajace-odzywienie-roslin","9":"first","10":"outofstock","11":"taxable","12":"shipping-taxable","13":"purchasable","14":"product-type-simple"},"acf":[],"_links":{"self":[{"href":"https:\/\/ceres.pl\/sklep\/wp-json\/wp\/v2\/product\/4913","targetHints":{"allow":["GET"]}}],"collection":[{"href":"https:\/\/ceres.pl\/sklep\/wp-json\/wp\/v2\/product"}],"about":[{"href":"https:\/\/ceres.pl\/sklep\/wp-json\/wp\/v2\/types\/product"}],"wp:featuredmedia":[{"embeddable":true,"href":"https:\/\/ceres.pl\/sklep\/wp-json\/wp\/v2\/media\/6162"}],"wp:attachment":[{"href":"https:\/\/ceres.pl\/sklep\/wp-json\/wp\/v2\/media?parent=4913"}],"wp:term":[{"taxonomy":"product_brand","embeddable":true,"href":"https:\/\/ceres.pl\/sklep\/wp-json\/wp\/v2\/product_brand?post=4913"},{"taxonomy":"product_cat","embeddable":true,"href":"https:\/\/ceres.pl\/sklep\/wp-json\/wp\/v2\/product_cat?post=4913"},{"taxonomy":"product_tag","embeddable":true,"href":"https:\/\/ceres.pl\/sklep\/wp-json\/wp\/v2\/product_tag?post=4913"}],"curies":[{"name":"wp","href":"https:\/\/api.w.org\/{rel}","templated":true}]}}