{"id":4945,"date":"2024-01-19T15:03:23","date_gmt":"2024-01-19T14:03:23","guid":{"rendered":"https:\/\/ceres.pl\/sklep\/produkt\/bez-kategorii\/sekator-elektryczny-ab25-titanium-altuna-2-aku\/"},"modified":"2026-01-21T14:28:46","modified_gmt":"2026-01-21T13:28:46","slug":"sekator-elektryczny-ab25-titanium-altuna-2-aku","status":"publish","type":"product","link":"https:\/\/ceres.pl\/sklep\/produkt\/sekatory\/sekatory-altuna\/sekatory-elektryczne-altuna\/sekator-elektryczny-ab25-titanium-altuna-2-aku\/","title":{"rendered":"Sekator elektryczny AB25 Titanium Altuna 2 aku"},"content":{"rendered":"<p>Sekator AB25 Titanium to niezb\u0119dnik dla wszystkich mi\u0142o\u015bnik\u00f3w ogrodnictwa, kt\u00f3rzy pragn\u0105 precyzyjnie i wygodnie przycina\u0107 ga\u0142\u0119zie drzew, krzew\u00f3w owocowych oraz ozdobnych. Dzi\u0119ki swojej funkcjonalno\u015bci oraz solidnemu wykonaniu, jest to urz\u0105dzenie idealne zar\u00f3wno dla profesjonalist\u00f3w, jak i amator\u00f3w.<\/p>\n<p>&nbsp;<\/p>\n<p>Sekator AB25 Titanium wyposa\u017cony zosta\u0142 w dwie wydajne baterie litowe, kt\u00f3re zapewniaj\u0105 d\u0142ugotrwa\u0142\u0105 prac\u0119 przez oko\u0142o 2-3 godziny. Co wi\u0119cej, w zestawie znajduje si\u0119 r\u00f3wnie\u017c \u0142adowarka, kt\u00f3ra umo\u017cliwia szybkie na\u0142adowanie baterii w czasie oko\u0142o 1,5-2 godzin.<\/p>\n<p>&nbsp;<\/p>\n<p>Szeroko\u015b\u0107 ci\u0119cia wynosz\u0105ca 25 mm oraz maksymalna moc 500W pozwalaj\u0105 na \u0142atwe przycinanie ga\u0142\u0119zi o r\u00f3\u017cnej grubo\u015bci. Bez wzgl\u0119du na to, czy przycinamy drobne krzewy czy wi\u0119ksze drzewa, sekator AB25 Titanium poradzi sobie z ka\u017cdym wyzwaniem. Ponadto, jego niewielka waga wynosz\u0105ca jedynie 875g sprawia, \u017ce jest to niezwykle lekkie i por\u0119czne urz\u0105dzenie.<\/p>\n<p>Co wi\u0119cej zastosowanie tytanowych ostrzy odr\u00f3\u017cnia go od innych sekator\u00f3w elektrycznych dost\u0119pnych na rynku.<\/p>\n<p>Zastanawiasz si\u0119 co wyr\u00f3\u017cnia technologi\u0119 tytanowych ostrzy od standardowych? Ot\u00f3\u017c:<\/p>\n<p>&#8211; tytanowe ostrza zwi\u0119kszaj\u0105 trwa\u0142o\u015b\u0107 urz\u0105dzenia<\/p>\n<p>&#8211; cechuj\u0105 si\u0119 bardzo wysok\u0105 twardo\u015bci\u0105 2500 Vickers\u00f3w dzi\u0119ki czemu ostrze jest trwalsze<\/p>\n<p>&#8211; maj\u0105 wysok\u0105 odporno\u015b\u0107 na \u015brodki do dezynfekcji stosowane podczas ci\u0119cia ro\u015blin<\/p>\n<p>&#8211; maj\u0105 du\u017co lepsze w\u0142a\u015bciwo\u015bci \u015blizgowe dzi\u0119ki czemu ci\u0119cia s\u0105 \u0142atwiejsze i szybsze<\/p>\n<p>&#8211; poza lepszym, szybszym i precyzyjnym ci\u0119ciem zapewniaj\u0105 mniejsze zu\u017cycie \u0142o\u017cysk, przek\u0142adni oraz baterii, przez co wyd\u0142u\u017caj\u0105 ich \u017cywotno\u015b\u0107<\/p>\n<p>Przek\u0142ada si\u0119 to na uzyskanie:<\/p>\n<p>+60% WYDAJNO\u015aCI<\/p>\n<p>+300% TRWA\u0141O\u015aCI<\/p>\n<p>+50% PR\u0118DKO\u015aCI<\/p>\n<p>Zwi\u0119ksza produktywno\u015b\u0107 podczas wszelkich prac zwi\u0105zanych z przycinaniem i konserwacj\u0105. Wysoka pr\u0119dko\u015b\u0107 i precyzja ci\u0119cia przy ca\u0142kowitym bezpiecze\u0144stwie.<\/p>\n<p>+500% KOMFORTU<\/p>\n<p>Maksymalny komfort i redukcja wysi\u0142ku podczas wykonywania dowolnej pracy.<\/p>\n<p>&nbsp;<\/p>\n<p>Sekator AB25 Titanium, kt\u00f3ry jest najmniejszym ale jednocze\u015bnie niezwykle funkcjonalnym modelem z serii sekator\u00f3w elektrycznych Altuna to solidnie wykonany sprz\u0119t, kt\u00f3ry spe\u0142ni oczekiwania zar\u00f3wno profesjonalist\u00f3w, jak i amator\u00f3w ogrodnictwa, umo\u017cliwiaj\u0105c precyzyjne przycinanie ro\u015blin o \u015brednicy do 25 mm.<\/p>\n","protected":false},"excerpt":{"rendered":"<p>Sekator AB25 Titanium to niezb\u0119dnik dla wszystkich mi\u0142o\u015bnik\u00f3w ogrodnictwa, kt\u00f3rzy pragn\u0105 precyzyjnie i wygodnie przycina\u0107 ga\u0142\u0119zie drzew, krzew\u00f3w owocowych oraz ozdobnych. Dzi\u0119ki swojej funkcjonalno\u015bci oraz solidnemu wykonaniu, jest to urz\u0105dzenie idealne zar\u00f3wno dla profesjonalist\u00f3w, jak i amator\u00f3w. &nbsp; Sekator AB25 Titanium wyposa\u017cony zosta\u0142 w dwie wydajne baterie litowe, kt\u00f3re zapewniaj\u0105 d\u0142ugotrwa\u0142\u0105 prac\u0119 przez oko\u0142o 2-3 [&hellip;]<\/p>\n","protected":false},"featured_media":4950,"template":"","meta":{"_acf_changed":false,"_seopress_robots_primary_cat":"none","_seopress_titles_title":"","_seopress_titles_desc":"Sekator AB25 Titanium to niezb\u0119dnik dla wszystkich mi\u0142o\u015bnik\u00f3w ogrodnictwa, kt\u00f3rzy pragn\u0105 precyzyjnie i wygodnie przycina\u0107 ga\u0142\u0119zie drzew, krzew\u00f3w owocowych oraz ozdobnych. Dzi\u0119ki swojej funkcjonalno\u015bci oraz solidnemu wykonaniu, jest to urz\u0105dzenie idealne zar\u00f3wno dla profesjonalist\u00f3w, jak i amator\u00f3w.","_seopress_robots_index":""},"product_brand":[],"product_cat":[172],"product_tag":[],"class_list":{"0":"post-4945","1":"product","2":"type-product","3":"status-publish","4":"has-post-thumbnail","6":"product_cat-sekatory-elektryczne-altuna","8":"first","9":"outofstock","10":"taxable","11":"shipping-taxable","12":"purchasable","13":"product-type-simple"},"acf":[],"_links":{"self":[{"href":"https:\/\/ceres.pl\/sklep\/wp-json\/wp\/v2\/product\/4945","targetHints":{"allow":["GET"]}}],"collection":[{"href":"https:\/\/ceres.pl\/sklep\/wp-json\/wp\/v2\/product"}],"about":[{"href":"https:\/\/ceres.pl\/sklep\/wp-json\/wp\/v2\/types\/product"}],"wp:featuredmedia":[{"embeddable":true,"href":"https:\/\/ceres.pl\/sklep\/wp-json\/wp\/v2\/media\/4950"}],"wp:attachment":[{"href":"https:\/\/ceres.pl\/sklep\/wp-json\/wp\/v2\/media?parent=4945"}],"wp:term":[{"taxonomy":"product_brand","embeddable":true,"href":"https:\/\/ceres.pl\/sklep\/wp-json\/wp\/v2\/product_brand?post=4945"},{"taxonomy":"product_cat","embeddable":true,"href":"https:\/\/ceres.pl\/sklep\/wp-json\/wp\/v2\/product_cat?post=4945"},{"taxonomy":"product_tag","embeddable":true,"href":"https:\/\/ceres.pl\/sklep\/wp-json\/wp\/v2\/product_tag?post=4945"}],"curies":[{"name":"wp","href":"https:\/\/api.w.org\/{rel}","templated":true}]}}