{"id":5642,"date":"2024-11-20T11:14:09","date_gmt":"2024-11-20T10:14:09","guid":{"rendered":"https:\/\/ceres.pl\/sklep\/produkt\/bez-kategorii\/siatka-cieniujaca-ts-065-s-600-cm-x-100-mb-rolka\/"},"modified":"2026-01-23T10:52:54","modified_gmt":"2026-01-23T09:52:54","slug":"siatka-cieniujaca-ts-065-s-600-cm-x-100-mb-rolka","status":"publish","type":"product","link":"https:\/\/ceres.pl\/sklep\/produkt\/siatki-cieniujace\/siatka-cieniujaca-ts-065-s-600-cm-x-100-mb-rolka\/","title":{"rendered":"Siatka cieniuj\u0105ca TS-060-S  65  600 cm x 100 mb rolka"},"content":{"rendered":"<p>Siatka ze wzmocnionymi brzegami i fabrycznie przygotowanymi oczkami co 10 cm po obu stronach na ca\u0142ej d\u0142ugo\u015bci rolki. Pozwala to na \u0142\u0105czenie siatek r\u00f3\u017cnych szeroko\u015bci do oczekiwanego rozmiaru bez dodatkowych koszt\u00f3w.<\/p>\n<p><strong>Stopie\u0144 zacienienia:<\/strong> 65%<br \/>\n<strong>Kolor:<\/strong>\u00a0ciemnozielony<br \/>\n<strong>Stabilizacja na UV:<\/strong>\u00a05 lat<br \/>\n<strong>Szeroko\u015b\u0107 rolki:<\/strong> 600 cm (+ 5 cm)<br \/>\n<strong>D\u0142ugo\u015b\u0107 rolki:<\/strong>\u00a0100 mb (+\/- 2%)<\/p>\n","protected":false},"excerpt":{"rendered":"<p>Siatka ze wzmocnionymi brzegami i fabrycznie przygotowanymi oczkami co 10 cm po obu stronach na ca\u0142ej d\u0142ugo\u015bci rolki. Pozwala to na \u0142\u0105czenie siatek r\u00f3\u017cnych szeroko\u015bci do oczekiwanego rozmiaru bez dodatkowych koszt\u00f3w. Stopie\u0144 zacienienia: 65% Kolor:\u00a0ciemnozielony Stabilizacja na UV:\u00a05 lat Szeroko\u015b\u0107 rolki: 600 cm (+ 5 cm) D\u0142ugo\u015b\u0107 rolki:\u00a0100 mb (+\/- 2%)<\/p>\n","protected":false},"featured_media":5645,"template":"","meta":{"_acf_changed":false,"_seopress_robots_primary_cat":"none","_seopress_titles_title":"","_seopress_titles_desc":"","_seopress_robots_index":""},"product_brand":[],"product_cat":[109],"product_tag":[],"class_list":{"0":"post-5642","1":"product","2":"type-product","3":"status-publish","4":"has-post-thumbnail","6":"product_cat-siatki-cieniujace","8":"first","9":"outofstock","10":"taxable","11":"shipping-taxable","12":"purchasable","13":"product-type-simple"},"acf":[],"_links":{"self":[{"href":"https:\/\/ceres.pl\/sklep\/wp-json\/wp\/v2\/product\/5642","targetHints":{"allow":["GET"]}}],"collection":[{"href":"https:\/\/ceres.pl\/sklep\/wp-json\/wp\/v2\/product"}],"about":[{"href":"https:\/\/ceres.pl\/sklep\/wp-json\/wp\/v2\/types\/product"}],"wp:featuredmedia":[{"embeddable":true,"href":"https:\/\/ceres.pl\/sklep\/wp-json\/wp\/v2\/media\/5645"}],"wp:attachment":[{"href":"https:\/\/ceres.pl\/sklep\/wp-json\/wp\/v2\/media?parent=5642"}],"wp:term":[{"taxonomy":"product_brand","embeddable":true,"href":"https:\/\/ceres.pl\/sklep\/wp-json\/wp\/v2\/product_brand?post=5642"},{"taxonomy":"product_cat","embeddable":true,"href":"https:\/\/ceres.pl\/sklep\/wp-json\/wp\/v2\/product_cat?post=5642"},{"taxonomy":"product_tag","embeddable":true,"href":"https:\/\/ceres.pl\/sklep\/wp-json\/wp\/v2\/product_tag?post=5642"}],"curies":[{"name":"wp","href":"https:\/\/api.w.org\/{rel}","templated":true}]}}