{"id":5675,"date":"2024-11-21T14:30:56","date_gmt":"2024-11-21T13:30:56","guid":{"rendered":"https:\/\/ceres.pl\/sklep\/produkt\/bez-kategorii\/paraclean-20l\/"},"modified":"2025-09-02T09:22:01","modified_gmt":"2025-09-02T07:22:01","slug":"paraclean-20l","status":"publish","type":"product","link":"https:\/\/ceres.pl\/sklep\/produkt\/srodki-do-cieniowania\/paraclean-20l\/","title":{"rendered":"Paraclean 20l"},"content":{"rendered":"<p><span style=\"font-size: 14pt;\"><strong>Preparat do usuwania \u015brodk\u00f3w cieniuj\u0105cych typu PARASOLEX<\/strong><\/span><\/p>\n<p>Usuwa pow\u0142oki \u015brodk\u00f3w do cieniowania typu PARASOLEX i PARASOLEX PLASTIC bez potrzeby szczotkowania szk\u0142a i tuneli foliowych.<\/p>\n<p>Sporz\u0105dzanie cieczy roboczej:<br \/>\nKoncentrat nale\u017cny rozcie\u0144czy\u0107 z woda w stosunku 1,5:10.<\/p>\n<p>Stosowa\u0107 r\u0119kawice ochronne i ochron\u0119 oczu.<\/p>\n","protected":false},"excerpt":{"rendered":"<p>Preparat do usuwania \u015brodk\u00f3w cieniuj\u0105cych typu PARASOLEX Usuwa pow\u0142oki \u015brodk\u00f3w do cieniowania typu PARASOLEX i PARASOLEX PLASTIC bez potrzeby szczotkowania szk\u0142a i tuneli foliowych. Sporz\u0105dzanie cieczy roboczej: Koncentrat nale\u017cny rozcie\u0144czy\u0107 z woda w stosunku 1,5:10. Stosowa\u0107 r\u0119kawice ochronne i ochron\u0119 oczu.<\/p>\n","protected":false},"featured_media":5676,"template":"","meta":{"_acf_changed":false,"_seopress_robots_primary_cat":"none","_seopress_titles_title":"","_seopress_titles_desc":"","_seopress_robots_index":""},"product_brand":[],"product_cat":[98],"product_tag":[],"class_list":{"0":"post-5675","1":"product","2":"type-product","3":"status-publish","4":"has-post-thumbnail","6":"product_cat-srodki-do-cieniowania","8":"first","9":"instock","10":"taxable","11":"shipping-taxable","12":"purchasable","13":"product-type-simple"},"acf":[],"_links":{"self":[{"href":"https:\/\/ceres.pl\/sklep\/wp-json\/wp\/v2\/product\/5675","targetHints":{"allow":["GET"]}}],"collection":[{"href":"https:\/\/ceres.pl\/sklep\/wp-json\/wp\/v2\/product"}],"about":[{"href":"https:\/\/ceres.pl\/sklep\/wp-json\/wp\/v2\/types\/product"}],"wp:featuredmedia":[{"embeddable":true,"href":"https:\/\/ceres.pl\/sklep\/wp-json\/wp\/v2\/media\/5676"}],"wp:attachment":[{"href":"https:\/\/ceres.pl\/sklep\/wp-json\/wp\/v2\/media?parent=5675"}],"wp:term":[{"taxonomy":"product_brand","embeddable":true,"href":"https:\/\/ceres.pl\/sklep\/wp-json\/wp\/v2\/product_brand?post=5675"},{"taxonomy":"product_cat","embeddable":true,"href":"https:\/\/ceres.pl\/sklep\/wp-json\/wp\/v2\/product_cat?post=5675"},{"taxonomy":"product_tag","embeddable":true,"href":"https:\/\/ceres.pl\/sklep\/wp-json\/wp\/v2\/product_tag?post=5675"}],"curies":[{"name":"wp","href":"https:\/\/api.w.org\/{rel}","templated":true}]}}