{"id":5800,"date":"2025-02-20T09:43:30","date_gmt":"2025-02-20T08:43:30","guid":{"rendered":"https:\/\/ceres.pl\/sklep\/produkt\/bez-kategorii\/tasma-do-podtrzymywania-owocow-100-mb-2\/"},"modified":"2025-03-21T12:22:17","modified_gmt":"2025-03-21T11:22:17","slug":"tasma-do-podtrzymywania-owocow-100-mb-2","status":"publish","type":"product","link":"https:\/\/ceres.pl\/sklep\/produkt\/tasmy-do-owocow\/tasma-do-podtrzymywania-owocow-100-mb-2\/","title":{"rendered":"Ta\u015bma do podtrzymywania owoc\u00f3w 100 mb"},"content":{"rendered":"<div class=\"snippet-title\">Fruit Tape jest stosowana w uprawie truskawek w rynnach, zabezpiecza kwiatostany i zawi\u0105zane owoce przed wy\u0142amaniem.<\/div>\n<div class=\"snippet-title\">Cechuje si\u0119 wysok\u0105 wytrzyma\u0142o\u015bci\u0105 i trwa\u0142o\u015bci\u0105. Stanowi niezast\u0105piony element w uprawach bez glebowych.<\/div>\n<div class=\"snippet-title\">D\u0142ugo\u015b\u0107: 100 mb<\/div>\n","protected":false},"excerpt":{"rendered":"<p>Fruit Tape jest stosowana w uprawie truskawek w rynnach, zabezpiecza kwiatostany i zawi\u0105zane owoce przed wy\u0142amaniem. Cechuje si\u0119 wysok\u0105 wytrzyma\u0142o\u015bci\u0105 i trwa\u0142o\u015bci\u0105. Stanowi niezast\u0105piony element w uprawach bez glebowych. D\u0142ugo\u015b\u0107: 100 mb<\/p>\n","protected":false},"featured_media":4583,"template":"","meta":{"_acf_changed":false,"_seopress_robots_primary_cat":"none","_seopress_titles_title":"","_seopress_titles_desc":"","_seopress_robots_index":""},"product_brand":[],"product_cat":[92],"product_tag":[],"class_list":{"0":"post-5800","1":"product","2":"type-product","3":"status-publish","4":"has-post-thumbnail","6":"product_cat-tasmy-do-owocow","8":"first","9":"outofstock","10":"taxable","11":"shipping-taxable","12":"purchasable","13":"product-type-simple"},"acf":[],"_links":{"self":[{"href":"https:\/\/ceres.pl\/sklep\/wp-json\/wp\/v2\/product\/5800","targetHints":{"allow":["GET"]}}],"collection":[{"href":"https:\/\/ceres.pl\/sklep\/wp-json\/wp\/v2\/product"}],"about":[{"href":"https:\/\/ceres.pl\/sklep\/wp-json\/wp\/v2\/types\/product"}],"wp:featuredmedia":[{"embeddable":true,"href":"https:\/\/ceres.pl\/sklep\/wp-json\/wp\/v2\/media\/4583"}],"wp:attachment":[{"href":"https:\/\/ceres.pl\/sklep\/wp-json\/wp\/v2\/media?parent=5800"}],"wp:term":[{"taxonomy":"product_brand","embeddable":true,"href":"https:\/\/ceres.pl\/sklep\/wp-json\/wp\/v2\/product_brand?post=5800"},{"taxonomy":"product_cat","embeddable":true,"href":"https:\/\/ceres.pl\/sklep\/wp-json\/wp\/v2\/product_cat?post=5800"},{"taxonomy":"product_tag","embeddable":true,"href":"https:\/\/ceres.pl\/sklep\/wp-json\/wp\/v2\/product_tag?post=5800"}],"curies":[{"name":"wp","href":"https:\/\/api.w.org\/{rel}","templated":true}]}}