{"id":5812,"date":"2025-02-21T09:33:41","date_gmt":"2025-02-21T08:33:41","guid":{"rendered":"https:\/\/ceres.pl\/sklep\/produkt\/bez-kategorii\/luczek-hmr-60mm-bialy-25-000-szt-w-kartonie\/"},"modified":"2026-03-20T08:13:22","modified_gmt":"2026-03-20T07:13:22","slug":"luczek-hmr-60mm-bialy-25-000-szt-w-kartonie","status":"publish","type":"product","link":"https:\/\/ceres.pl\/sklep\/produkt\/klipsy-do-pomidora\/luczek-hmr-60mm-bialy-25-000-szt-w-kartonie\/","title":{"rendered":"\u0141uczek HMR 6,0mm bia\u0142y ( 25 000 szt. w kartonie )"},"content":{"rendered":"<div class=\"flex max-w-full flex-col flex-grow\">\n<div class=\"min-h-8 text-message flex w-full flex-col items-end gap-2 whitespace-normal break-words text-start [.text-message+&amp;]:mt-5\" dir=\"auto\" data-message-author-role=\"assistant\" data-message-id=\"f56e142a-0005-49c1-a456-a697eead33b5\" data-message-model-slug=\"gpt-4o\">\n<div class=\"flex w-full flex-col gap-1 empty:hidden first:pt-[3px]\">\n<div class=\"markdown prose w-full break-words dark:prose-invert light\">\n<p data-start=\"59\" data-end=\"284\" data-is-last-node=\"\">Podpora gronowa HMR ma otwart\u0105 konstrukcj\u0119 oraz g\u0142adkie, zaokr\u0105glone wyko\u0144czenie. Dzi\u0119ki ergonomicznemu designowi dobrze le\u017cy w d\u0142oni i zapobiega uszkodzeniom pomidor\u00f3w. Podpor\u0119 mo\u017cna wprowadzi\u0107 ju\u017c na wczesnym etapie uprawy.<\/p>\n<p data-start=\"59\" data-end=\"284\" data-is-last-node=\"\">Ilo\u015b\u0107 sztuk w kartonie: 25 000<\/p>\n<\/div>\n<\/div>\n<\/div>\n<\/div>\n<div class=\"mb-2 flex gap-3 empty:hidden -ml-2\">\n<div class=\"items-center justify-start rounded-xl p-1 flex\">\n<div class=\"flex items-center\"><\/div>\n<\/div>\n<\/div>\n","protected":false},"excerpt":{"rendered":"<p>Podpora gronowa HMR ma otwart\u0105 konstrukcj\u0119 oraz g\u0142adkie, zaokr\u0105glone wyko\u0144czenie. Dzi\u0119ki ergonomicznemu designowi dobrze le\u017cy w d\u0142oni i zapobiega uszkodzeniom pomidor\u00f3w. Podpor\u0119 mo\u017cna wprowadzi\u0107 ju\u017c na wczesnym etapie uprawy. Ilo\u015b\u0107 sztuk w kartonie: 25 000<\/p>\n","protected":false},"featured_media":5813,"template":"","meta":{"_acf_changed":false,"_seopress_robots_primary_cat":"none","_seopress_titles_title":"","_seopress_titles_desc":"","_seopress_robots_index":""},"product_brand":[],"product_cat":[101],"product_tag":[],"class_list":{"0":"post-5812","1":"product","2":"type-product","3":"status-publish","4":"has-post-thumbnail","6":"product_cat-klipsy-do-pomidora","8":"first","9":"instock","10":"taxable","11":"shipping-taxable","12":"purchasable","13":"product-type-simple"},"acf":[],"_links":{"self":[{"href":"https:\/\/ceres.pl\/sklep\/wp-json\/wp\/v2\/product\/5812","targetHints":{"allow":["GET"]}}],"collection":[{"href":"https:\/\/ceres.pl\/sklep\/wp-json\/wp\/v2\/product"}],"about":[{"href":"https:\/\/ceres.pl\/sklep\/wp-json\/wp\/v2\/types\/product"}],"wp:featuredmedia":[{"embeddable":true,"href":"https:\/\/ceres.pl\/sklep\/wp-json\/wp\/v2\/media\/5813"}],"wp:attachment":[{"href":"https:\/\/ceres.pl\/sklep\/wp-json\/wp\/v2\/media?parent=5812"}],"wp:term":[{"taxonomy":"product_brand","embeddable":true,"href":"https:\/\/ceres.pl\/sklep\/wp-json\/wp\/v2\/product_brand?post=5812"},{"taxonomy":"product_cat","embeddable":true,"href":"https:\/\/ceres.pl\/sklep\/wp-json\/wp\/v2\/product_cat?post=5812"},{"taxonomy":"product_tag","embeddable":true,"href":"https:\/\/ceres.pl\/sklep\/wp-json\/wp\/v2\/product_tag?post=5812"}],"curies":[{"name":"wp","href":"https:\/\/api.w.org\/{rel}","templated":true}]}}