{"id":5879,"date":"2025-03-12T11:37:01","date_gmt":"2025-03-12T10:37:01","guid":{"rendered":"https:\/\/ceres.pl\/sklep\/produkt\/bez-kategorii\/bi049lobl-plandeka-90-g-m2-10x6m-biala-bikain\/"},"modified":"2025-10-14T10:18:50","modified_gmt":"2025-10-14T08:18:50","slug":"bi049lobl-plandeka-90-g-m2-10x6m-biala-bikain","status":"publish","type":"product","link":"https:\/\/ceres.pl\/sklep\/produkt\/plandeki\/bi049lobl-plandeka-90-g-m2-10x6m-biala-bikain\/","title":{"rendered":"Plandeka 90 g\/m2, 10x6m, bia\u0142a"},"content":{"rendered":"<h3 data-start=\"0\" data-end=\"59\"><strong data-start=\"4\" data-end=\"57\">Plandeka 90 g\/m\u00b2, 10&#215;6 m, bia\u0142a Bikain z oczkami<\/strong><\/h3>\n<p data-start=\"61\" data-end=\"368\">Wytrzyma\u0142a i lekka plandeka o gramaturze <strong data-start=\"102\" data-end=\"113\">90 g\/m\u00b2<\/strong> w kolorze bia\u0142ym, doskona\u0142a do wszechstronnego zastosowania. Zapewnia skuteczn\u0105 ochron\u0119 przed <strong data-start=\"210\" data-end=\"249\">deszczem, s\u0142o\u0144cem, wiatrem i kurzem<\/strong>. <strong data-start=\"251\" data-end=\"268\">Wymiary 10&#215;6 m<\/strong> sprawiaj\u0105, \u017ce \u015bwietnie sprawdzi si\u0119 w ogrodnictwie, budownictwie, transporcie oraz magazynowaniu.<\/p>\n<p data-start=\"370\" data-end=\"707\">Plandeka jest <strong data-start=\"384\" data-end=\"399\">wodoodporna<\/strong>, posiada <strong data-start=\"409\" data-end=\"423\">ochron\u0119 UV<\/strong>, a tak\u017ce jest <strong data-start=\"438\" data-end=\"466\">odporna na mr\u00f3z do -30\u00b0C<\/strong>, co czyni j\u0105 niezawodnym rozwi\u0105zaniem przez ca\u0142y rok. Wyposa\u017cona w <strong data-start=\"534\" data-end=\"591\">wzmocnione kraw\u0119dzie oraz oczka z tworzywa sztucznego<\/strong> rozmieszczone w regularnych odst\u0119pach, co u\u0142atwia jej mocowanie i zapewnia stabilno\u015b\u0107 nawet w trudnych warunkach.<\/p>\n<p data-start=\"709\" data-end=\"920\">\u2705 <strong data-start=\"711\" data-end=\"753\">Ochrona w ka\u017cdych warunkach pogodowych<\/strong><br data-start=\"753\" data-end=\"756\" \/>\u2705 <strong data-start=\"758\" data-end=\"799\">Wodoodporna i odporna na mr\u00f3z (-30\u00b0C)<\/strong><br data-start=\"799\" data-end=\"802\" \/>\u2705 <strong data-start=\"804\" data-end=\"840\">Ochrona przed promieniowaniem UV<\/strong><br data-start=\"840\" data-end=\"843\" data-is-only-node=\"\" \/>\u2705 <strong data-start=\"845\" data-end=\"885\">\u0141atwy monta\u017c dzi\u0119ki oczkom mocuj\u0105cym<\/strong><br data-start=\"885\" data-end=\"888\" \/>\u2705 <strong data-start=\"890\" data-end=\"918\">Uniwersalne zastosowanie<\/strong><\/p>\n","protected":false},"excerpt":{"rendered":"<p>Plandeka 90 g\/m\u00b2, 10&#215;6 m, bia\u0142a Bikain z oczkami Wytrzyma\u0142a i lekka plandeka o gramaturze 90 g\/m\u00b2 w kolorze bia\u0142ym, doskona\u0142a do wszechstronnego zastosowania. Zapewnia skuteczn\u0105 ochron\u0119 przed deszczem, s\u0142o\u0144cem, wiatrem i kurzem. Wymiary 10&#215;6 m sprawiaj\u0105, \u017ce \u015bwietnie sprawdzi si\u0119 w ogrodnictwie, budownictwie, transporcie oraz magazynowaniu. Plandeka jest wodoodporna, posiada ochron\u0119 UV, a tak\u017ce [&hellip;]<\/p>\n","protected":false},"featured_media":5896,"template":"","meta":{"_acf_changed":false,"_seopress_robots_primary_cat":"none","_seopress_titles_title":"","_seopress_titles_desc":"","_seopress_robots_index":""},"product_brand":[],"product_cat":[189],"product_tag":[],"class_list":{"0":"post-5879","1":"product","2":"type-product","3":"status-publish","4":"has-post-thumbnail","6":"product_cat-plandeki","8":"first","9":"instock","10":"taxable","11":"shipping-taxable","12":"purchasable","13":"product-type-simple"},"acf":[],"_links":{"self":[{"href":"https:\/\/ceres.pl\/sklep\/wp-json\/wp\/v2\/product\/5879","targetHints":{"allow":["GET"]}}],"collection":[{"href":"https:\/\/ceres.pl\/sklep\/wp-json\/wp\/v2\/product"}],"about":[{"href":"https:\/\/ceres.pl\/sklep\/wp-json\/wp\/v2\/types\/product"}],"wp:featuredmedia":[{"embeddable":true,"href":"https:\/\/ceres.pl\/sklep\/wp-json\/wp\/v2\/media\/5896"}],"wp:attachment":[{"href":"https:\/\/ceres.pl\/sklep\/wp-json\/wp\/v2\/media?parent=5879"}],"wp:term":[{"taxonomy":"product_brand","embeddable":true,"href":"https:\/\/ceres.pl\/sklep\/wp-json\/wp\/v2\/product_brand?post=5879"},{"taxonomy":"product_cat","embeddable":true,"href":"https:\/\/ceres.pl\/sklep\/wp-json\/wp\/v2\/product_cat?post=5879"},{"taxonomy":"product_tag","embeddable":true,"href":"https:\/\/ceres.pl\/sklep\/wp-json\/wp\/v2\/product_tag?post=5879"}],"curies":[{"name":"wp","href":"https:\/\/api.w.org\/{rel}","templated":true}]}}