{"id":5975,"date":"2025-04-01T10:02:40","date_gmt":"2025-04-01T08:02:40","guid":{"rendered":"https:\/\/ceres.pl\/sklep\/produkt\/bez-kategorii\/tkanina-polipropylenowa-agrolys-105-m-brazowa-rolka\/"},"modified":"2026-03-20T09:42:02","modified_gmt":"2026-03-20T08:42:02","slug":"tkanina-polipropylenowa-agrolys-105-m-brazowa-rolka","status":"publish","type":"product","link":"https:\/\/ceres.pl\/sklep\/produkt\/agrotkaniny-ogrodnicze\/tkanina-polipropylenowa-agrolys-105-m-brazowa-rolka\/","title":{"rendered":"Tkanina polipropylenowa AGROLYS 1,05 m  &#8211; br\u0105zowa"},"content":{"rendered":"<h4 class=\"\" data-start=\"29\" data-end=\"58\">AGROTKANINA BR\u0104ZOWA<\/h4>\n<h4 class=\"\" data-start=\"60\" data-end=\"79\"><strong data-start=\"65\" data-end=\"77\">Funkcje:<\/strong><\/h4>\n<ul data-start=\"80\" data-end=\"336\">\n<li class=\"\" data-start=\"80\" data-end=\"112\">\n<p class=\"\" data-start=\"82\" data-end=\"112\">Zapobiega wzrostowi chwast\u00f3w<\/p>\n<\/li>\n<li class=\"\" data-start=\"113\" data-end=\"185\">\n<p class=\"\" data-start=\"115\" data-end=\"185\">Bezpieczna dla \u015brodowiska \u2013 eliminuje potrzeb\u0119 stosowania herbicyd\u00f3w<\/p>\n<\/li>\n<li class=\"\" data-start=\"186\" data-end=\"336\">\n<p class=\"\" data-start=\"188\" data-end=\"211\">Wysoka jako\u015b\u0107 dzi\u0119ki:<\/p>\n<ul data-start=\"214\" data-end=\"336\">\n<li class=\"\" data-start=\"214\" data-end=\"255\">\n<p class=\"\" data-start=\"216\" data-end=\"255\">wysokiej nieprzepuszczalno\u015bci \u015bwiat\u0142a<\/p>\n<\/li>\n<li class=\"\" data-start=\"258\" data-end=\"290\">\n<p class=\"\" data-start=\"260\" data-end=\"290\">ekstremalnej stabilizacji UV<\/p>\n<\/li>\n<li class=\"\" data-start=\"293\" data-end=\"336\">\n<p class=\"\" data-start=\"295\" data-end=\"336\">wyj\u0105tkowej wytrzyma\u0142o\u015bci na rozci\u0105ganie.<\/p>\n<\/li>\n<\/ul>\n<\/li>\n<\/ul>\n<h3 class=\"\" data-start=\"497\" data-end=\"520\"><strong data-start=\"501\" data-end=\"518\">Specyfikacja:<\/strong><\/h3>\n<ul data-start=\"588\" data-end=\"811\">\n<li class=\"\" data-start=\"588\" data-end=\"618\">\n<p class=\"\" data-start=\"590\" data-end=\"618\"><strong data-start=\"590\" data-end=\"603\">Materia\u0142:<\/strong> Polipropylen<\/p>\n<\/li>\n<li class=\"\" data-start=\"619\" data-end=\"641\">\n<p class=\"\" data-start=\"621\" data-end=\"641\"><strong data-start=\"621\" data-end=\"631\">Kolor:<\/strong> Br\u0105zowy<\/p>\n<\/li>\n<li class=\"\" data-start=\"642\" data-end=\"672\">\n<p class=\"\" data-start=\"644\" data-end=\"672\"><strong data-start=\"644\" data-end=\"666\">D\u0142ugo\u015b\u0107 rolki (m):<\/strong> 100<\/p>\n<\/li>\n<li class=\"\" data-start=\"673\" data-end=\"701\">\n<p class=\"\" data-start=\"675\" data-end=\"701\"><strong data-start=\"675\" data-end=\"684\">Wz\u00f3r:<\/strong> Linie co 25 cm<\/p>\n<\/li>\n<li class=\"\" data-start=\"702\" data-end=\"731\">\n<p class=\"\" data-start=\"704\" data-end=\"731\"><strong data-start=\"704\" data-end=\"720\">Kolor linii:<\/strong> Czerwony<\/p>\n<ul data-start=\"588\" data-end=\"811\">\n<li class=\"\" data-start=\"732\" data-end=\"768\">\n<p class=\"\" data-start=\"734\" data-end=\"768\"><strong data-start=\"734\" data-end=\"760\">Stabilizacja UV (kLy):<\/strong> \u2245 600<\/p>\n<\/li>\n<\/ul>\n<\/li>\n<li class=\"\" data-start=\"769\" data-end=\"811\">\n<p class=\"\" data-start=\"771\" data-end=\"811\"><strong data-start=\"771\" data-end=\"803\">Przepuszczalno\u015b\u0107 wody (m\/s):<\/strong> 0,010<\/p>\n<\/li>\n<\/ul>\n<h3 class=\"\" data-start=\"813\" data-end=\"841\"><strong data-start=\"817\" data-end=\"839\">Gramatura tkaniny:<\/strong><\/h3>\n<ul data-start=\"842\" data-end=\"857\">\n<li class=\"\" data-start=\"842\" data-end=\"857\">\n<p class=\"\" data-start=\"844\" data-end=\"857\"><strong data-start=\"844\" data-end=\"855\">86 g\/m\u00b2<\/strong><\/p>\n<\/li>\n<\/ul>\n<h3 class=\"\" data-start=\"859\" data-end=\"890\"><strong data-start=\"863\" data-end=\"888\">Szeroko\u015b\u0107 rolki (cm):<\/strong><\/h3>\n<ul data-start=\"891\" data-end=\"1009\">\n<li class=\"\" data-start=\"911\" data-end=\"921\">\n<p class=\"\" data-start=\"913\" data-end=\"921\">105 cm<\/p>\n<\/li>\n<li class=\"\" data-start=\"944\" data-end=\"954\">\n<p class=\"\" data-start=\"946\" data-end=\"954\">165 cm<\/p>\n<\/li>\n<\/ul>\n","protected":false},"excerpt":{"rendered":"<p>AGROTKANINA BR\u0104ZOWA Funkcje: Zapobiega wzrostowi chwast\u00f3w Bezpieczna dla \u015brodowiska \u2013 eliminuje potrzeb\u0119 stosowania herbicyd\u00f3w Wysoka jako\u015b\u0107 dzi\u0119ki: wysokiej nieprzepuszczalno\u015bci \u015bwiat\u0142a ekstremalnej stabilizacji UV wyj\u0105tkowej wytrzyma\u0142o\u015bci na rozci\u0105ganie. Specyfikacja: Materia\u0142: Polipropylen Kolor: Br\u0105zowy D\u0142ugo\u015b\u0107 rolki (m): 100 Wz\u00f3r: Linie co 25 cm Kolor linii: Czerwony Stabilizacja UV (kLy): \u2245 600 Przepuszczalno\u015b\u0107 wody (m\/s): 0,010 Gramatura tkaniny: [&hellip;]<\/p>\n","protected":false},"featured_media":5989,"template":"","meta":{"_acf_changed":false,"_seopress_robots_primary_cat":"none","_seopress_titles_title":"","_seopress_titles_desc":"","_seopress_robots_index":""},"product_brand":[],"product_cat":[27],"product_tag":[],"class_list":{"0":"post-5975","1":"product","2":"type-product","3":"status-publish","4":"has-post-thumbnail","6":"product_cat-agrotkaniny-ogrodnicze","8":"first","9":"instock","10":"sale","11":"taxable","12":"shipping-taxable","13":"purchasable","14":"product-type-simple"},"acf":[],"_links":{"self":[{"href":"https:\/\/ceres.pl\/sklep\/wp-json\/wp\/v2\/product\/5975","targetHints":{"allow":["GET"]}}],"collection":[{"href":"https:\/\/ceres.pl\/sklep\/wp-json\/wp\/v2\/product"}],"about":[{"href":"https:\/\/ceres.pl\/sklep\/wp-json\/wp\/v2\/types\/product"}],"wp:featuredmedia":[{"embeddable":true,"href":"https:\/\/ceres.pl\/sklep\/wp-json\/wp\/v2\/media\/5989"}],"wp:attachment":[{"href":"https:\/\/ceres.pl\/sklep\/wp-json\/wp\/v2\/media?parent=5975"}],"wp:term":[{"taxonomy":"product_brand","embeddable":true,"href":"https:\/\/ceres.pl\/sklep\/wp-json\/wp\/v2\/product_brand?post=5975"},{"taxonomy":"product_cat","embeddable":true,"href":"https:\/\/ceres.pl\/sklep\/wp-json\/wp\/v2\/product_cat?post=5975"},{"taxonomy":"product_tag","embeddable":true,"href":"https:\/\/ceres.pl\/sklep\/wp-json\/wp\/v2\/product_tag?post=5975"}],"curies":[{"name":"wp","href":"https:\/\/api.w.org\/{rel}","templated":true}]}}