{"id":6017,"date":"2025-04-07T12:50:02","date_gmt":"2025-04-07T10:50:02","guid":{"rendered":"https:\/\/ceres.pl\/sklep\/produkt\/bez-kategorii\/siatka-verattina-95g-100-cm-x-100-mb-rolka\/"},"modified":"2025-11-05T11:14:41","modified_gmt":"2025-11-05T10:14:41","slug":"siatka-verattina-95g-100-cm-x-100-mb-rolka","status":"publish","type":"product","link":"https:\/\/ceres.pl\/sklep\/produkt\/siatki-przeciwwiatrowe\/siatka-verattina-95g-100-cm-x-100-mb-rolka\/","title":{"rendered":"Siatka Verattina 95g   100 cm x 100 mb rolka"},"content":{"rendered":"<p class=\"\" data-start=\"171\" data-end=\"502\">Wysokiej jako\u015bci <strong data-start=\"188\" data-end=\"214\">siatka przeciwwiatrowa<\/strong> wykonana z wyj\u0105tkowo trwa\u0142ych, splecionych \u017cy\u0142ek typu <strong data-start=\"269\" data-end=\"290\">monofilament HDPE<\/strong>. Zaprojektowana z my\u015bl\u0105 o skutecznej ochronie upraw przed silnym wiatrem, tworzy pionow\u0105 barier\u0119, kt\u00f3ra ogranicza pr\u0119dko\u015b\u0107 wiatru i tym samym zmniejsza stres ro\u015blin wywo\u0142any wiatrem.<\/p>\n<p class=\"\" data-start=\"697\" data-end=\"879\">Produkt cechuje si\u0119:<br data-start=\"717\" data-end=\"720\" \/>\u2714 <strong data-start=\"722\" data-end=\"762\">Wyj\u0105tkow\u0105 wytrzyma\u0142o\u015bci\u0105 mechaniczn\u0105<\/strong><br data-start=\"762\" data-end=\"765\" \/>\u2714 <strong data-start=\"767\" data-end=\"810\">Wysok\u0105 odporno\u015bci\u0105 na promieniowanie UV<\/strong><br data-start=\"810\" data-end=\"813\" \/>\u2714 <strong data-start=\"815\" data-end=\"879\">D\u0142ug\u0105 \u017cywotno\u015bci\u0105 nawet w trudnych warunkach atmosferycznych<\/strong><\/p>\n<p class=\"\" data-start=\"881\" data-end=\"911\">Polecana do zastosowania na:<\/p>\n<ul data-start=\"912\" data-end=\"1049\">\n<li class=\"\" data-start=\"912\" data-end=\"967\">\n<p class=\"\" data-start=\"914\" data-end=\"967\">plantacjach <strong data-start=\"926\" data-end=\"965\">bor\u00f3wki ameryka\u0144skiej, malin, je\u017cyn oraz innych<\/strong><\/p>\n<\/li>\n<li class=\"\" data-start=\"968\" data-end=\"1007\">\n<p class=\"\" data-start=\"970\" data-end=\"1007\">terenach nara\u017conych na silne wiatry<\/p>\n<\/li>\n<li class=\"\" data-start=\"1008\" data-end=\"1049\">\n<p class=\"\" data-start=\"1010\" data-end=\"1049\">w uprawach tunelowych i szklarniowych<\/p>\n<\/li>\n<\/ul>\n<p class=\"\" data-start=\"1051\" data-end=\"1160\"><strong data-start=\"1051\" data-end=\"1075\">Dost\u0119pne szeroko\u015bci:<\/strong><br data-start=\"1075\" data-end=\"1078\" \/>Najcz\u0119\u015bciej wybierane to <strong data-start=\"1103\" data-end=\"1110\">1 m<\/strong> i <strong data-start=\"1113\" data-end=\"1120\">2 m<\/strong>. Inne wymiary dost\u0119pne na zam\u00f3wienie.<\/p>\n<p data-start=\"1051\" data-end=\"1160\"><strong>Gramatura 95g\/m2<\/strong><\/p>\n<p class=\"\" data-start=\"1162\" data-end=\"1270\">Zadbaj o bezpiecze\u0144stwo swoich upraw i wybierz siatk\u0119, kt\u00f3rej zaufa\u0142o ju\u017c wielu profesjonalnych plantator\u00f3w.<\/p>\n","protected":false},"excerpt":{"rendered":"<p>Wysokiej jako\u015bci siatka przeciwwiatrowa wykonana z wyj\u0105tkowo trwa\u0142ych, splecionych \u017cy\u0142ek typu monofilament HDPE. Zaprojektowana z my\u015bl\u0105 o skutecznej ochronie upraw przed silnym wiatrem, tworzy pionow\u0105 barier\u0119, kt\u00f3ra ogranicza pr\u0119dko\u015b\u0107 wiatru i tym samym zmniejsza stres ro\u015blin wywo\u0142any wiatrem. Produkt cechuje si\u0119:\u2714 Wyj\u0105tkow\u0105 wytrzyma\u0142o\u015bci\u0105 mechaniczn\u0105\u2714 Wysok\u0105 odporno\u015bci\u0105 na promieniowanie UV\u2714 D\u0142ug\u0105 \u017cywotno\u015bci\u0105 nawet w trudnych warunkach [&hellip;]<\/p>\n","protected":false},"featured_media":945,"template":"","meta":{"_acf_changed":false,"_seopress_robots_primary_cat":"none","_seopress_titles_title":"","_seopress_titles_desc":"","_seopress_robots_index":""},"product_brand":[],"product_cat":[95],"product_tag":[],"class_list":{"0":"post-6017","1":"product","2":"type-product","3":"status-publish","4":"has-post-thumbnail","6":"product_cat-siatki-przeciwwiatrowe","8":"first","9":"instock","10":"taxable","11":"shipping-taxable","12":"purchasable","13":"product-type-simple"},"acf":[],"_links":{"self":[{"href":"https:\/\/ceres.pl\/sklep\/wp-json\/wp\/v2\/product\/6017","targetHints":{"allow":["GET"]}}],"collection":[{"href":"https:\/\/ceres.pl\/sklep\/wp-json\/wp\/v2\/product"}],"about":[{"href":"https:\/\/ceres.pl\/sklep\/wp-json\/wp\/v2\/types\/product"}],"wp:featuredmedia":[{"embeddable":true,"href":"https:\/\/ceres.pl\/sklep\/wp-json\/wp\/v2\/media\/945"}],"wp:attachment":[{"href":"https:\/\/ceres.pl\/sklep\/wp-json\/wp\/v2\/media?parent=6017"}],"wp:term":[{"taxonomy":"product_brand","embeddable":true,"href":"https:\/\/ceres.pl\/sklep\/wp-json\/wp\/v2\/product_brand?post=6017"},{"taxonomy":"product_cat","embeddable":true,"href":"https:\/\/ceres.pl\/sklep\/wp-json\/wp\/v2\/product_cat?post=6017"},{"taxonomy":"product_tag","embeddable":true,"href":"https:\/\/ceres.pl\/sklep\/wp-json\/wp\/v2\/product_tag?post=6017"}],"curies":[{"name":"wp","href":"https:\/\/api.w.org\/{rel}","templated":true}]}}