{"id":623,"date":"2019-11-27T12:43:44","date_gmt":"2019-11-27T11:43:44","guid":{"rendered":"https:\/\/ceres.pl\/sklep\/sklep\/bez-kategorii\/mata-podsiakowa-350g-m2-200-cm-wloknina\/"},"modified":"2026-04-07T14:04:23","modified_gmt":"2026-04-07T12:04:23","slug":"mata-podsiakowa-350g-m2-200-cm-wloknina","status":"publish","type":"product","link":"https:\/\/ceres.pl\/sklep\/produkt\/maty-podsiakowe-i-folia-perforowana\/mata-podsiakowa-350g-m2-200-cm-wloknina\/","title":{"rendered":"Mata podsi\u0105kowa 350g\/m2 200 cm, w\u0142\u00f3knina rolka"},"content":{"rendered":"<p>Maty podsi\u0105kowe mog\u0105 by\u0107 zastosowane w ogrodnictwie do wy\u015bcie\u0142ania sto\u0142\u00f3w, parapet\u00f3w i innych powierzchni w szklarniach czy te\u017c w tunelach foliowych, s\u0142u\u017c\u0105cych do produkcji ro\u015blin doniczkowych i rabatowych (w fazie rozsady lub dalszych fazach rozwojowych).<\/p>\n<p>Nasze maty podsi\u0105kowe wykonane s\u0105 z oczyszczonych w\u0142\u00f3kien tekstylnych pochodz\u0105cych z recyklingu (bawe\u0142na, akryl, poliester i we\u0142na) wig\u0142owanych we w\u0142\u00f3knin\u0119. Posiadaj\u0105 bardzo dobre w\u0142a\u015bciwo\u015bci kapilarne (w ka\u017cdej cz\u0119\u015bci maty dost\u0119pna jest taka sama ilo\u015b\u0107 wody) dostarczaj\u0105 jednakow\u0105 ilo\u015b\u0107 wody wszystkim ro\u015blinom.<\/p>\n<p><strong>Pojemno\u015b\u0107 wodna:<\/strong>\u00a04,5 l\/m<sup>2<\/sup>.<br \/>\n<strong>Gramatura:<\/strong>\u00a0350 g\/m<sup>2<\/sup>,<br \/>\n<strong>D\u0142ugo\u015b\u0107 rolki:<\/strong>\u00a040 mb (wszystkie szeroko\u015bci)<\/p>\n","protected":false},"excerpt":{"rendered":"<p>Maty podsi\u0105kowe mog\u0105 by\u0107 zastosowane w ogrodnictwie do wy\u015bcie\u0142ania sto\u0142\u00f3w, parapet\u00f3w i innych powierzchni w szklarniach czy te\u017c w tunelach foliowych, s\u0142u\u017c\u0105cych do produkcji ro\u015blin doniczkowych i rabatowych (w fazie rozsady lub dalszych fazach rozwojowych). Nasze maty podsi\u0105kowe wykonane s\u0105 z oczyszczonych w\u0142\u00f3kien tekstylnych pochodz\u0105cych z recyklingu (bawe\u0142na, akryl, poliester i we\u0142na) wig\u0142owanych we w\u0142\u00f3knin\u0119. [&hellip;]<\/p>\n","protected":false},"featured_media":883,"template":"","meta":{"_acf_changed":false,"_seopress_robots_primary_cat":"none","_seopress_titles_title":"","_seopress_titles_desc":"","_seopress_robots_index":""},"product_brand":[],"product_cat":[107],"product_tag":[],"class_list":{"0":"post-623","1":"product","2":"type-product","3":"status-publish","4":"has-post-thumbnail","6":"product_cat-maty-podsiakowe-i-folia-perforowana","8":"first","9":"instock","10":"taxable","11":"shipping-taxable","12":"purchasable","13":"product-type-simple"},"acf":[],"_links":{"self":[{"href":"https:\/\/ceres.pl\/sklep\/wp-json\/wp\/v2\/product\/623","targetHints":{"allow":["GET"]}}],"collection":[{"href":"https:\/\/ceres.pl\/sklep\/wp-json\/wp\/v2\/product"}],"about":[{"href":"https:\/\/ceres.pl\/sklep\/wp-json\/wp\/v2\/types\/product"}],"wp:featuredmedia":[{"embeddable":true,"href":"https:\/\/ceres.pl\/sklep\/wp-json\/wp\/v2\/media\/883"}],"wp:attachment":[{"href":"https:\/\/ceres.pl\/sklep\/wp-json\/wp\/v2\/media?parent=623"}],"wp:term":[{"taxonomy":"product_brand","embeddable":true,"href":"https:\/\/ceres.pl\/sklep\/wp-json\/wp\/v2\/product_brand?post=623"},{"taxonomy":"product_cat","embeddable":true,"href":"https:\/\/ceres.pl\/sklep\/wp-json\/wp\/v2\/product_cat?post=623"},{"taxonomy":"product_tag","embeddable":true,"href":"https:\/\/ceres.pl\/sklep\/wp-json\/wp\/v2\/product_tag?post=623"}],"curies":[{"name":"wp","href":"https:\/\/api.w.org\/{rel}","templated":true}]}}