{"id":816,"date":"2021-04-15T14:28:29","date_gmt":"2021-04-15T12:28:29","guid":{"rendered":"https:\/\/ceres.pl\/sklep\/sklep\/bez-kategorii\/agrowloknina-cropcover-22g-m2-biala-1600-cm-x-100-mb-wzm\/"},"modified":"2026-04-23T08:35:46","modified_gmt":"2026-04-23T06:35:46","slug":"agrowloknina-cropcover-22g-m2-biala-1600-cm-x-100-mb-wzm","status":"publish","type":"product","link":"https:\/\/ceres.pl\/sklep\/produkt\/agrowlokniny-ogrodnicze\/agrowlokniny-wiosenne\/agrowloknina-cropcover-22g-m2-biala-1600-cm-x-100-mb-wzm\/","title":{"rendered":"Agrow\u0142\u00f3knina CropCover  22g\/m2  bia\u0142a  1600 cm x 100 mb WZM"},"content":{"rendered":"<p>Bia\u0142a w\u0142\u00f3knina o gramaturze 22 g\/m2, s\u0142u\u017c\u0105ca g\u0142\u00f3wnie do ochrony wysianych lub wysadzonych ro\u015blin przed niekorzystnymi czynnikami atmosferycznymi. Klejona specjaln\u0105 metod\u0105, kt\u00f3ra gwarantuje trwa\u0142o\u015b\u0107 i wytrzyma\u0142o\u015b\u0107 po\u0142\u0105czenia. Powy\u017cej 4,8 m szeroko\u015bci agrow\u0142\u00f3kniny posiadaj\u0105 dodatkowe, boczne wzmocnienia po obu stronach, kt\u00f3re zabezpieczaj\u0105 przed uszkodzeniami mechanicznymi.<\/p>\n<p>Materia\u0142 ten stanowi barier\u0119, kt\u00f3ra ogranicza wahania temperatur pomi\u0119dzy noc\u0105 a dniem, ponadto podnosi temperatur\u0119 pod swoj\u0105 powierzchni\u0105, dzi\u0119ki czemu mo\u017ce wp\u0142ywa\u0107 na przyspieszenie wegetacji a w konsekwencji zbior\u00f3w. Zabezpiecza ro\u015bliny przed uszkodzeniami powodowanymi przez zwierz\u0119ta, a tak\u017ce ogranicza nadmierne promieniowanie s\u0142oneczne i zabezpiecza ro\u015bliny przed poparzeniami. Chroni wysiane nasiona przed wyp\u0142ukaniem w okresach intensywnych opad\u00f3w deszczu. Agrow\u0142\u00f3kniny te charakteryzuj\u0105 si\u0119 wysok\u0105 jako\u015bci\u0105, stabilizacj\u0105 wobec dzia\u0142ania promieni UV, jak r\u00f3wnie\u017c wysok\u0105 przepuszczalno\u015bci\u0105 zar\u00f3wno dla wody jak i powietrza, dzi\u0119ki czemu ro\u015bliny nie przesychaj\u0105 a cyrkulacja powietrza jest zachowana.<\/p>\n<p>Szeroko\u015b\u0107 agrow\u0142\u00f3kniny: 16 m<\/p>\n","protected":false},"excerpt":{"rendered":"<p>Bia\u0142a w\u0142\u00f3knina o gramaturze 22 g\/m2, s\u0142u\u017c\u0105ca g\u0142\u00f3wnie do ochrony wysianych lub wysadzonych ro\u015blin przed niekorzystnymi czynnikami atmosferycznymi. Klejona specjaln\u0105 metod\u0105, kt\u00f3ra gwarantuje trwa\u0142o\u015b\u0107 i wytrzyma\u0142o\u015b\u0107 po\u0142\u0105czenia. Powy\u017cej 4,8 m szeroko\u015bci agrow\u0142\u00f3kniny posiadaj\u0105 dodatkowe, boczne wzmocnienia po obu stronach, kt\u00f3re zabezpieczaj\u0105 przed uszkodzeniami mechanicznymi. Materia\u0142 ten stanowi barier\u0119, kt\u00f3ra ogranicza wahania temperatur pomi\u0119dzy noc\u0105 a [&hellip;]<\/p>\n","protected":false},"featured_media":839,"template":"","meta":{"_acf_changed":false,"_seopress_robots_primary_cat":"none","_seopress_titles_title":"","_seopress_titles_desc":"","_seopress_robots_index":""},"product_brand":[],"product_cat":[88],"product_tag":[],"class_list":{"0":"post-816","1":"product","2":"type-product","3":"status-publish","4":"has-post-thumbnail","6":"product_cat-agrowlokniny-wiosenne","8":"first","9":"outofstock","10":"taxable","11":"shipping-taxable","12":"purchasable","13":"product-type-simple"},"acf":[],"_links":{"self":[{"href":"https:\/\/ceres.pl\/sklep\/wp-json\/wp\/v2\/product\/816","targetHints":{"allow":["GET"]}}],"collection":[{"href":"https:\/\/ceres.pl\/sklep\/wp-json\/wp\/v2\/product"}],"about":[{"href":"https:\/\/ceres.pl\/sklep\/wp-json\/wp\/v2\/types\/product"}],"wp:featuredmedia":[{"embeddable":true,"href":"https:\/\/ceres.pl\/sklep\/wp-json\/wp\/v2\/media\/839"}],"wp:attachment":[{"href":"https:\/\/ceres.pl\/sklep\/wp-json\/wp\/v2\/media?parent=816"}],"wp:term":[{"taxonomy":"product_brand","embeddable":true,"href":"https:\/\/ceres.pl\/sklep\/wp-json\/wp\/v2\/product_brand?post=816"},{"taxonomy":"product_cat","embeddable":true,"href":"https:\/\/ceres.pl\/sklep\/wp-json\/wp\/v2\/product_cat?post=816"},{"taxonomy":"product_tag","embeddable":true,"href":"https:\/\/ceres.pl\/sklep\/wp-json\/wp\/v2\/product_tag?post=816"}],"curies":[{"name":"wp","href":"https:\/\/api.w.org\/{rel}","templated":true}]}}