{"id":97,"date":"2019-10-29T15:53:10","date_gmt":"2019-10-29T14:53:10","guid":{"rendered":"https:\/\/ceres.pl\/sklep\/sklep\/bez-kategorii\/agrowloknina-50g-m2-biala-320-cm-x-250-mb-skladana\/"},"modified":"2026-04-15T22:20:58","modified_gmt":"2026-04-15T20:20:58","slug":"agrowloknina-50g-m2-biala-320-cm-x-250-mb-skladana","status":"publish","type":"product","link":"https:\/\/ceres.pl\/sklep\/produkt\/agrowlokniny-ogrodnicze\/agrowloknina-50g-m2-biala-320-cm-x-250-mb-skladana\/","title":{"rendered":"Agrow\u0142\u00f3knina 50g\/m2  bia\u0142a  320 cm x 250 mb (sk\u0142adana)"},"content":{"rendered":"<p>Bia\u0142a w\u0142\u00f3knina, o gramaturze 50 g\/m2\u00a0 stosowana jest do ochrony ro\u015blin zimuj\u0105cych w gruncie lub na kontenerowniach, jak r\u00f3wnie\u017c przy zabezpieczaniu ro\u015blin w nieogrzewanych tunelach foliowych. Bia\u0142e agrow\u0142\u00f3kniny zimowe chroni\u0105 ro\u015bliny przed mro\u017anym wiatrem i szkodliwym dzia\u0142aniem niskich temperatur, a tak\u017ce niweluj\u0105 nadmiern\u0105 utrat\u0119 wody. Nasze w\u0142\u00f3kniny s\u0105 klejone specjaln\u0105 metod\u0105, kt\u00f3ra gwarantuje trwa\u0142o\u015b\u0107 po\u0142\u0105czenia i wytrzyma\u0142o\u015b\u0107. Powy\u017cej 4,8 m szeroko\u015bci agrow\u0142\u00f3kniny posiadaj\u0105 dodatkowe boczne wzmocnienia po obu stronach, kt\u00f3re zabezpieczaj\u0105 w\u0142\u00f3knin\u0119 przed uszkodzeniami mechanicznymi.<\/p>\n<p>Produkty te s\u0105 polecane g\u0142\u00f3wnie do zabezpieczania ro\u015blin wra\u017cliwych na niskie temperatury m.in. r\u00f3\u017c, winoro\u015bli, magnolii, truskawek, cebuli oraz pora, tak\u017ce wra\u017cliwych ro\u015blin ozdobnych. Agrow\u0142\u00f3kniny te charakteryzuj\u0105 si\u0119 wysok\u0105 jako\u015bci\u0105, stabilizacj\u0105 wobec dzia\u0142ania promieni UV, jak r\u00f3wnie\u017c wysok\u0105 przepuszczalno\u015bci\u0105 zar\u00f3wno dla wody jak i powietrza, dzi\u0119ki czemu ro\u015bliny nie przesychaj\u0105 a cyrkulacja powietrza jest zachowana.<\/p>\n","protected":false},"excerpt":{"rendered":"<p>Bia\u0142a w\u0142\u00f3knina, o gramaturze 50 g\/m2\u00a0 stosowana jest do ochrony ro\u015blin zimuj\u0105cych w gruncie lub na kontenerowniach, jak r\u00f3wnie\u017c przy zabezpieczaniu ro\u015blin w nieogrzewanych tunelach foliowych. Bia\u0142e agrow\u0142\u00f3kniny zimowe chroni\u0105 ro\u015bliny przed mro\u017anym wiatrem i szkodliwym dzia\u0142aniem niskich temperatur, a tak\u017ce niweluj\u0105 nadmiern\u0105 utrat\u0119 wody. Nasze w\u0142\u00f3kniny s\u0105 klejone specjaln\u0105 metod\u0105, kt\u00f3ra gwarantuje trwa\u0142o\u015b\u0107 po\u0142\u0105czenia [&hellip;]<\/p>\n","protected":false},"featured_media":137,"template":"","meta":{"_acf_changed":false,"_seopress_robots_primary_cat":"none","_seopress_titles_title":"","_seopress_titles_desc":"","_seopress_robots_index":""},"product_brand":[],"product_cat":[19],"product_tag":[],"class_list":{"0":"post-97","1":"product","2":"type-product","3":"status-publish","4":"has-post-thumbnail","6":"product_cat-agrowlokniny-ogrodnicze","8":"first","9":"instock","10":"taxable","11":"shipping-taxable","12":"purchasable","13":"product-type-simple"},"acf":[],"_links":{"self":[{"href":"https:\/\/ceres.pl\/sklep\/wp-json\/wp\/v2\/product\/97","targetHints":{"allow":["GET"]}}],"collection":[{"href":"https:\/\/ceres.pl\/sklep\/wp-json\/wp\/v2\/product"}],"about":[{"href":"https:\/\/ceres.pl\/sklep\/wp-json\/wp\/v2\/types\/product"}],"wp:featuredmedia":[{"embeddable":true,"href":"https:\/\/ceres.pl\/sklep\/wp-json\/wp\/v2\/media\/137"}],"wp:attachment":[{"href":"https:\/\/ceres.pl\/sklep\/wp-json\/wp\/v2\/media?parent=97"}],"wp:term":[{"taxonomy":"product_brand","embeddable":true,"href":"https:\/\/ceres.pl\/sklep\/wp-json\/wp\/v2\/product_brand?post=97"},{"taxonomy":"product_cat","embeddable":true,"href":"https:\/\/ceres.pl\/sklep\/wp-json\/wp\/v2\/product_cat?post=97"},{"taxonomy":"product_tag","embeddable":true,"href":"https:\/\/ceres.pl\/sklep\/wp-json\/wp\/v2\/product_tag?post=97"}],"curies":[{"name":"wp","href":"https:\/\/api.w.org\/{rel}","templated":true}]}}